{"id":3225,"date":"2023-10-20T20:03:12","date_gmt":"2023-10-20T18:03:12","guid":{"rendered":"https:\/\/samb-baiona.net\/?page_id=3225"},"modified":"2025-05-01T19:39:14","modified_gmt":"2025-05-01T17:39:14","slug":"pertenecer","status":"publish","type":"page","link":"https:\/\/samb-baiona.net\/es\/pertenecer\/","title":{"rendered":"Pertenecer"},"content":{"rendered":"\n<p class=\"has-text-align-left has-ast-global-color-3-color has-text-color has-link-color wp-elements-fa10057ae4a4f487b81c5bc23986c6c6\" style=\"padding-top:var(--wp--preset--spacing--40);padding-right:0;padding-bottom:var(--wp--preset--spacing--40);padding-left:0;font-size:26px\"><strong>Como pertenecer a la Sociedad de Amigos del Museo Vasco&nbsp;<\/strong><\/p>\n\n\n\n<div class=\"wp-block-columns is-layout-flex wp-container-core-columns-is-layout-bae2ebf5 wp-block-columns-is-layout-flex\" style=\"margin-top:0;margin-bottom:0;padding-top:0;padding-right:0;padding-bottom:0;padding-left:0\">\n<div class=\"wp-block-column is-layout-flow wp-block-column-is-layout-flow\">\n<p style=\"margin-top:0;margin-right:3px;margin-bottom:0;margin-left:3px;font-size:16px;line-height:1.4\">Formar parte de la \u201cSociedad de Amigos del Museo Vasco\u201d (o SAMB) permite participar en la vida cultural de nuestra regi\u00f3n, al tiempo que usted se une a una comunidad din\u00e1mica. Con la llegada en 2024 de un nuevo equipo directivo (la transici\u00f3n con el anterior habiendo sido preparada) el n\u00famero de socios ha seguido creciendo hasta alcanzar los 284 miembros, con sus cuotas al d\u00eda.<\/p>\n<\/div>\n\n\n\n<div class=\"wp-block-column is-layout-flow wp-block-column-is-layout-flow\">\n<div class=\"inherit-container-width wp-block-group is-layout-constrained wp-block-group-is-layout-constrained\">\n<p style=\"line-height:1.4\">El Bolet\u00edn del Museo Vasco (o BMB) publica semestralmente diversos e interesantes art\u00edculos. Mientras que comisiones preparan numerosos programas de conferencias y visitas para los socios. Es de destacar que los miembros tienen acceso gratuito al Museo Vasco durante todo el a\u00f1o.<\/p>\n<\/div>\n<\/div>\n<\/div>\n\n\n\n<p style=\"padding-top:var(--wp--preset--spacing--30);padding-bottom:var(--wp--preset--spacing--30);line-height:1.4\">Nuestra asociaci\u00f3n ha participado en la elaboraci\u00f3n del Proyecto Cient\u00edfico y Cultural del Museo Vasco\u201d 2023-2028. Sin embargo, si se quiere que este sea una fecunda realidad, es preciso, que cuente con diferentes apoyos sociales y pol\u00edticos, en consecuencia, consideramos necesario, el que cada uno de nuestros miembros difundan, apoyen y lo den a conocer. El PSC est\u00e1 disponible en la p\u00e1gina web del Museo Vasco.<\/p>\n\n\n\n<div class=\"wp-block-columns is-layout-flex wp-container-core-columns-is-layout-8a2eb100 wp-block-columns-is-layout-flex\" style=\"padding-top:var(--wp--preset--spacing--30);padding-right:0;padding-bottom:var(--wp--preset--spacing--30);padding-left:0\">\n<div class=\"wp-block-column is-layout-flow wp-block-column-is-layout-flow\" style=\"flex-basis:66%\">\n<p class=\"has-text-align-right\" style=\"line-height:1.3\">La inscripci\u00f3n a la SAMB para 2025 se hace normalmente \u00aben l\u00ednea\u00bb pulsando el bot\u00f3n <\/p>\n<\/div>\n\n\n\n<div class=\"wp-block-column is-layout-flow wp-block-column-is-layout-flow\" style=\"flex-basis:30%\">\n<div class=\"wp-block-buttons is-layout-flex wp-block-buttons-is-layout-flex\">\n<div class=\"wp-block-button\"><a class=\"wp-block-button__link wp-element-button\" href=\"https:\/\/societe-des-amis-du-musee-basque.assoconnect.com\/collect\/description\/480748-x-adhesion-2025-a-la-samb-et-abonnement-au-bulletin-du-musee-basque\" target=\"_blank\" rel=\"noreferrer noopener\">Adhesi\u00f3n SAMB 2025<\/a><\/div>\n<\/div>\n<\/div>\n<\/div>\n\n\n\n<div class=\"wp-block-columns is-layout-flex wp-container-core-columns-is-layout-7bd3f5e9 wp-block-columns-is-layout-flex\" style=\"margin-top:0;margin-bottom:0;padding-top:var(--wp--preset--spacing--40);padding-bottom:var(--wp--preset--spacing--40)\">\n<div class=\"wp-block-column is-layout-flow wp-block-column-is-layout-flow\" style=\"flex-basis:25%\"><\/div>\n\n\n\n<div class=\"wp-block-column is-layout-flow wp-block-column-is-layout-flow\" style=\"flex-basis:60%\">\n<figure class=\"wp-block-image aligncenter size-full\"><img loading=\"lazy\" decoding=\"async\" width=\"481\" height=\"398\" src=\"https:\/\/samb-baiona.net\/wp-content\/uploads\/2024\/12\/Eskual-Herria.jpg\" alt=\"\" class=\"wp-image-3054\" srcset=\"https:\/\/samb-baiona.net\/wp-content\/uploads\/2024\/12\/Eskual-Herria.jpg 481w, https:\/\/samb-baiona.net\/wp-content\/uploads\/2024\/12\/Eskual-Herria-300x248.jpg 300w\" sizes=\"auto, (max-width: 481px) 100vw, 481px\" \/><figcaption class=\"wp-element-caption\"><em>Henri Zo, Eskual Herria (1927)<\/em><em><br>Colecciones du Museo Vasco<\/em><\/figcaption><\/figure>\n<\/div>\n\n\n\n<div class=\"wp-block-column is-layout-flow wp-block-column-is-layout-flow\" style=\"flex-basis:25%\"><\/div>\n<\/div>\n\n\n\n<p class=\"has-text-color has-link-color wp-elements-28a174c19aa3228e555e1f04b0e8fa82\" style=\"color:#2f2d55;margin-top:0;margin-right:0;margin-bottom:0;margin-left:0;line-height:1.4\">Todas las modalidades de adhesi\u00f3n incluyen una suscripci\u00f3n al Bolet\u00edn del Museo Vasco. La SAMB est\u00e1 autorizada para la emisi\u00f3n de justificantes fiscales, que permiten beneficiarse de una reducci\u00f3n del 66% en impuestos por tus donaciones y cuotas entregadas.<br>La normativa fiscal francesa permite ofrecer gratuitamente la suscripci\u00f3n al BMB siempre que el valor de esta donaci\u00f3n (26 euros), sea inferior a la cuarta parte de la cuota fiscal del contribuyente.&nbsp;<br>Finalmente <strong>quisi\u00e9ramos poner de manifiesto, el ahorro neto que supone la modalidad de suscripci\u00f3n \u201cMecenas\u201d ya que, como consecuencia del cr\u00e9dito fiscal, resulta m\u00e1s ventajosa que la modalidad \u201dD\u00fao\u201d y es apenas m\u00e1s costosa que la \u201cIndividual\u201d.<\/strong><\/p>\n\n\n\n<p class=\"has-text-color has-link-color wp-elements-4b234d0f1ed4a08b8d8141b81b058832\" style=\"color:#2f2d55;margin-top:0;margin-right:0;margin-bottom:0;margin-left:0;line-height:1.4\"><\/p>\n\n\n\n<figure style=\"padding-top:var(--wp--preset--spacing--40);padding-bottom:var(--wp--preset--spacing--40)\" class=\"wp-block-table\"><table class=\"has-ast-global-color-6-background-color has-background\"><tbody><tr><td class=\"has-text-align-center\" data-align=\"center\"><strong>F\u00f3rmula por modalidad<\/strong><\/td><td class=\"has-text-align-center\" data-align=\"center\"><strong>Tarif<\/strong>a (euros)<\/td><td class=\"has-text-align-center\" data-align=\"center\"><strong>Incluyendo la&nbsp; <\/strong><br><strong>suscripci\u00f3n al BMB<\/strong><\/td><td class=\"has-text-align-center\" data-align=\"center\"><strong><strong>Recibo fiscal<\/strong><\/strong><br>(euros)<\/td><td class=\"has-text-align-center\" data-align=\"center\"><strong><strong>Cr\u00e9dito fiscal<\/strong><\/strong><br>(euros)<\/td><td class=\"has-text-align-center\" data-align=\"center\"><strong><strong>Costo neto<\/strong><\/strong><br>(euros)<\/td><\/tr><tr><td class=\"has-text-align-center\" data-align=\"center\"><strong>Mecenas<\/strong> (1 o 2 personas)<\/td><td class=\"has-text-align-center\" data-align=\"center\">M &gt; 105 euros<\/td><td class=\"has-text-align-center\" data-align=\"center\">Ofrecido<\/td><td class=\"has-text-align-center\" data-align=\"center\">M<\/td><td class=\"has-text-align-center\" data-align=\"center\">66 % M<\/td><td class=\"has-text-align-center\" data-align=\"center\">34 % M<\/td><\/tr><tr><td class=\"has-text-align-center\" data-align=\"center\"><strong>Mecenas<\/strong> (1 o 2 personas)<\/td><td class=\"has-text-align-center\" data-align=\"center\">105<\/td><td class=\"has-text-align-center\" data-align=\"center\">Ofrecido<\/td><td class=\"has-text-align-center\" data-align=\"center\">105<\/td><td class=\"has-text-align-center\" data-align=\"center\">69<\/td><td class=\"has-text-align-center\" data-align=\"center\">36<\/td><\/tr><tr><td class=\"has-text-align-center\" data-align=\"center\"><strong>D\u00fao<\/strong> (2 personas)<\/td><td class=\"has-text-align-center\" data-align=\"center\">58<\/td><td class=\"has-text-align-center\" data-align=\"center\">26<\/td><td class=\"has-text-align-center\" data-align=\"center\">32<\/td><td class=\"has-text-align-center\" data-align=\"center\">21<\/td><td class=\"has-text-align-center\" data-align=\"center\">37<\/td><\/tr><tr><td class=\"has-text-align-center\" data-align=\"center\"><strong>Individu<\/strong>al (1 persona)<\/td><td class=\"has-text-align-center\" data-align=\"center\">45<\/td><td class=\"has-text-align-center\" data-align=\"center\">26<\/td><td class=\"has-text-align-center\" data-align=\"center\">19<\/td><td class=\"has-text-align-center\" data-align=\"center\">12<\/td><td class=\"has-text-align-center\" data-align=\"center\">33<\/td><\/tr><tr><td class=\"has-text-align-center\" data-align=\"center\"><strong>Tarifa Reducida<\/strong> (estudiante, desempleado)<\/td><td class=\"has-text-align-center\" data-align=\"center\">15<\/td><td class=\"has-text-align-center\" data-align=\"center\">15<\/td><td class=\"has-text-align-center\" data-align=\"center\">0<\/td><td class=\"has-text-align-center\" data-align=\"center\">0<\/td><td class=\"has-text-align-center\" data-align=\"center\">15<\/td><\/tr><\/tbody><\/table><\/figure>\n\n\n\n<p class=\"has-text-color has-link-color wp-elements-98ec1bd71c749f38497f58cc3f28e6af\" style=\"color:#2f2d55;margin-top:var(--wp--preset--spacing--40);margin-right:0;margin-bottom:var(--wp--preset--spacing--40);margin-left:0;line-height:1.4\">Dispone de tres posibles formas de pago: tarjeta de cr\u00e9dito, transferencia o cheque bancario.<\/p>\n\n\n\n<div class=\"wp-block-columns is-layout-flex wp-container-core-columns-is-layout-09436f79 wp-block-columns-is-layout-flex\" style=\"padding-top:0;padding-right:0;padding-bottom:0;padding-left:0\">\n<div class=\"wp-block-column is-layout-flow wp-block-column-is-layout-flow\">\n<p style=\"line-height:1.4\">En ese momento, se le solicitar\u00e1 la siguiente informaci\u00f3n adicional: fecha de nacimiento, profesi\u00f3n y foto de identidad que, aunque no est\u00e1 obligado a facilitarlas, nos serian de gran utilidad para la gesti\u00f3n de las actividades de la Asociaci\u00f3n.&nbsp;<br>Si tiene alguna dificultad en la realizaci\u00f3n del proceso de inscripci\u00f3n en l\u00ednea, puede enviar un correo electr\u00f3nico a tresorier@samb-baiona.net o una carta a la sede de SAMB indicando:<\/p>\n<\/div>\n\n\n\n<div class=\"wp-block-column is-layout-flow wp-block-column-is-layout-flow\">\n<p style=\"line-height:1.4\">la f\u00f3rmula elegida, el nombre y apellidos, el correo electr\u00f3nico, la direcci\u00f3n postal, los n\u00fameros de tel\u00e9fonos fijo y m\u00f3vil, la fecha de nacimiento, la profesi\u00f3n. Puede pagar por transferencia o con un cheque bancario.<br>En el caso que usted fuera miembro de la Asociaci\u00f3n en a\u00f1os anteriores y sus datos personales no se hayan modificado, el env\u00edo postal de su cheque ser\u00e1 suficiente para identificarse y renovar su afiliaci\u00f3n.<\/p>\n<\/div>\n<\/div>\n\n\n\n<p><\/p>\n\n\n\n<p class=\"has-text-color has-link-color wp-elements-291ff87d829b0cc9f611afa28a29c552\" style=\"color:#403b5a;margin-top:var(--wp--preset--spacing--30);margin-right:0;margin-bottom:var(--wp--preset--spacing--30);margin-left:0;line-height:1.4\">IBAN:&nbsp;FR76 1795 9000 2576 5970 2610 158<br><br><strong>Para contactarnos<\/strong><br>por correo electr\u00f3nico : contact@samb-baiona.net o <a href=\"https:\/\/samb-baiona.net\/es\/contactenos\/\" data-type=\"page\" data-id=\"3156\" target=\"_blank\" rel=\"noreferrer noopener\">pulsar aqu\u00ed<\/a><br>por correo postal : SAMB Ch\u00e2teau Neuf, Place Paul Bert, 64100 Bayonne. Francia.<\/p>\n\n\n\n<p class=\"has-text-color has-link-color wp-elements-1085c538ab2ddb77f81423405678b15d\" style=\"color:#403b5a;margin-top:var(--wp--preset--spacing--30);margin-right:0;margin-bottom:var(--wp--preset--spacing--30);margin-left:0;line-height:1.4\"><\/p>\n\n\n\n<p><\/p>\n\n\n\n<p><\/p>\n","protected":false},"excerpt":{"rendered":"<p>Como pertenecer a la Sociedad de Amigos del Museo Vasco&nbsp; Formar parte de la \u201cSociedad de Amigos del Museo Vasco\u201d (o SAMB) permite participar en la vida cultural de nuestra regi\u00f3n, al tiempo que usted se une a una comunidad din\u00e1mica. Con la llegada en 2024 de un nuevo equipo directivo (la transici\u00f3n con el &hellip;<\/p>\n<p class=\"read-more\"> <a class=\"\" href=\"https:\/\/samb-baiona.net\/es\/pertenecer\/\"> <span class=\"screen-reader-text\">Pertenecer<\/span> Leer m\u00e1s &raquo;<\/a><\/p>\n","protected":false},"author":1,"featured_media":0,"parent":0,"menu_order":0,"comment_status":"closed","ping_status":"closed","template":"","meta":{"site-sidebar-layout":"default","site-content-layout":"default","ast-global-header-display":"","ast-main-header-display":"","ast-hfb-above-header-display":"","ast-hfb-below-header-display":"","ast-hfb-mobile-header-display":"","site-post-title":"disabled","ast-breadcrumbs-content":"","ast-featured-img":"","footer-sml-layout":"","theme-transparent-header-meta":"","adv-header-id-meta":"","stick-header-meta":"","header-above-stick-meta":"","header-main-stick-meta":"","header-below-stick-meta":"","footnotes":""},"class_list":["post-3225","page","type-page","status-publish","hentry"],"_links":{"self":[{"href":"https:\/\/samb-baiona.net\/es\/wp-json\/wp\/v2\/pages\/3225","targetHints":{"allow":["GET"]}}],"collection":[{"href":"https:\/\/samb-baiona.net\/es\/wp-json\/wp\/v2\/pages"}],"about":[{"href":"https:\/\/samb-baiona.net\/es\/wp-json\/wp\/v2\/types\/page"}],"author":[{"embeddable":true,"href":"https:\/\/samb-baiona.net\/es\/wp-json\/wp\/v2\/users\/1"}],"replies":[{"embeddable":true,"href":"https:\/\/samb-baiona.net\/es\/wp-json\/wp\/v2\/comments?post=3225"}],"version-history":[{"count":1,"href":"https:\/\/samb-baiona.net\/es\/wp-json\/wp\/v2\/pages\/3225\/revisions"}],"predecessor-version":[{"id":3236,"href":"https:\/\/samb-baiona.net\/es\/wp-json\/wp\/v2\/pages\/3225\/revisions\/3236"}],"wp:attachment":[{"href":"https:\/\/samb-baiona.net\/es\/wp-json\/wp\/v2\/media?parent=3225"}],"curies":[{"name":"wp","href":"https:\/\/api.w.org\/{rel}","templated":true}]}}