{"id":3203,"date":"2023-11-07T21:53:57","date_gmt":"2023-11-07T20:53:57","guid":{"rendered":"https:\/\/samb-baiona.net\/?page_id=3203"},"modified":"2025-05-01T15:31:51","modified_gmt":"2025-05-01T13:31:51","slug":"las-visitas-tematicas","status":"publish","type":"page","link":"https:\/\/samb-baiona.net\/es\/las-visitas-tematicas\/","title":{"rendered":"Las visitas tem\u00e1ticas"},"content":{"rendered":"\n<p><\/p>\n\n\n\n<figure class=\"wp-block-gallery has-nested-images columns-default is-cropped wp-block-gallery-1 is-layout-flex wp-block-gallery-is-layout-flex\">\n<figure class=\"wp-block-image size-large\"><img loading=\"lazy\" decoding=\"async\" width=\"1024\" height=\"176\" data-id=\"1785\" src=\"https:\/\/samb-baiona.net\/wp-content\/uploads\/2023\/11\/Bandeau-Visites-1024x176.jpg\" alt=\"\" class=\"wp-image-1785\" srcset=\"https:\/\/samb-baiona.net\/wp-content\/uploads\/2023\/11\/Bandeau-Visites-1024x176.jpg 1024w, https:\/\/samb-baiona.net\/wp-content\/uploads\/2023\/11\/Bandeau-Visites-300x52.jpg 300w, https:\/\/samb-baiona.net\/wp-content\/uploads\/2023\/11\/Bandeau-Visites-768x132.jpg 768w, https:\/\/samb-baiona.net\/wp-content\/uploads\/2023\/11\/Bandeau-Visites-1536x264.jpg 1536w, https:\/\/samb-baiona.net\/wp-content\/uploads\/2023\/11\/Bandeau-Visites-2048x352.jpg 2048w\" sizes=\"auto, (max-width: 1024px) 100vw, 1024px\" \/><\/figure>\n<\/figure>\n\n\n\n<p class=\"has-text-color has-link-color has-large-font-size wp-elements-83e420233c6339621c20e396d9928a6c\" style=\"color:#872c2c;margin-top:var(--wp--preset--spacing--50);margin-right:0;margin-bottom:var(--wp--preset--spacing--50);margin-left:0;padding-top:var(--wp--preset--spacing--40);padding-bottom:var(--wp--preset--spacing--40)\">Las visitas tem\u00e1ticas<\/p>\n\n\n\n<div class=\"wp-block-columns is-layout-flex wp-container-core-columns-is-layout-a5331a9e wp-block-columns-is-layout-flex\" style=\"padding-top:0;padding-right:0;padding-bottom:0;padding-left:0\">\n<div class=\"wp-block-column is-layout-flow wp-block-column-is-layout-flow\">\n<p style=\"font-size:16px;line-height:1.4\">Cada a\u00f1o, la SAMB organiza generalmente dos salidas culturales : una de un d\u00eda y otra de dos d\u00edas.<br>Los temas objeto de las visitas son muy variados y se seleccionan a lo largo del territorio vasco, norte y sur, incluso de otras regiones vecinas como la Gascogne y el B\u00e9arn. Est\u00e1n dirigidas por apasionados, historiadores e historiadores del arte, miembros de la asociaci\u00f3n. Los descubrimientos son particularmente interesantes.<\/p>\n\n\n\n<p style=\"font-size:16px;line-height:1.4\"><\/p>\n<\/div>\n\n\n\n<div class=\"wp-block-column is-layout-flow wp-block-column-is-layout-flow\">\n<p style=\"font-size:16px;line-height:1.4\">Se ha fijado un l\u00edmite de veinticinco personas por grupo, de esa manera se puede viajar c\u00f3modamente en un minib\u00fas, con un grado de confort de escucha adecuado permitiendo as\u00ed, unos intercambios personales muy interesantes. As\u00ed mismo, este n\u00famero reducido de asistentes facilita el alojamiento hotelero.<br>Si el n\u00famero de inscritos supera el l\u00edmite anterior, la SAMB repetir\u00eda las salidas con el fin de satisfacer al mayor n\u00famero de personas.<\/p>\n\n\n\n<p style=\"font-size:16px;line-height:1.4\"><\/p>\n<\/div>\n\n\n\n<div class=\"wp-block-column is-layout-flow wp-block-column-is-layout-flow\">\n<p style=\"font-size:16px;line-height:1.4\">En el supuesto de salidas locales, generalmente, se utilizan veh\u00edculos compartidos. Es de destacar que, cada salida da lugar a un art\u00edculo acompa\u00f1ado del correspondiente reportaje fotogr\u00e1fico. Ver el correspondiente a la \u00faltima salida: Les Aldudes: <a href=\"https:\/\/samb-baiona.net\/wp-content\/uploads\/2023\/07\/Aldudes-2023.pdf\" target=\"_blank\" rel=\"noreferrer noopener\">les Aldudes<\/a><\/p>\n<\/div>\n<\/div>\n\n\n\n<p style=\"margin-top:var(--wp--preset--spacing--50);margin-bottom:var(--wp--preset--spacing--50);line-height:1.4\"><strong>Las pr\u00f3ximas visitas<\/strong><br>En febrero: San Juan de Pie de Puerto (Saint-Jean-Pied-de-Port) y la pelota vasca.<br>En marzo: Oficios de arte en Ciboure.<br>Los d\u00edas 16 y 17 de mayo, nuestra habitual salida de 2 d\u00edas se realizar\u00e1 bajo el tema \u201cBilbao y Las Encarnaciones\u201d.<br>En junio: el zahor\u00ed nos revelar\u00e1 sus secretos junto a los megalitos.<br>En septiembre: las Landas galorromanas<br>En octubre, la visita a la mina de Banca, que no pudo tener lugar durante la excursi\u00f3n a las Aldudes.<br>En noviembre, un circuito por Maum\u00e9jean, mosaicos y vidrieras.<br>Y a\u00fan por concretar, un descubrimiento del Bazt\u00e1n con el artista Xabi Soubelet.<\/p>\n\n\n\n<p style=\"margin-top:var(--wp--preset--spacing--50);margin-bottom:var(--wp--preset--spacing--50);line-height:1.4\"><\/p>\n","protected":false},"excerpt":{"rendered":"<p>Las visitas tem\u00e1ticas Cada a\u00f1o, la SAMB organiza generalmente dos salidas culturales : una de un d\u00eda y otra de dos d\u00edas.Los temas objeto de las visitas son muy variados y se seleccionan a lo largo del territorio vasco, norte y sur, incluso de otras regiones vecinas como la Gascogne y el B\u00e9arn. Est\u00e1n dirigidas &hellip;<\/p>\n<p class=\"read-more\"> <a class=\"\" href=\"https:\/\/samb-baiona.net\/es\/las-visitas-tematicas\/\"> <span class=\"screen-reader-text\">Las visitas tem\u00e1ticas<\/span> Leer m\u00e1s &raquo;<\/a><\/p>\n","protected":false},"author":1,"featured_media":0,"parent":0,"menu_order":0,"comment_status":"closed","ping_status":"closed","template":"","meta":{"site-sidebar-layout":"default","site-content-layout":"default","ast-global-header-display":"","ast-main-header-display":"","ast-hfb-above-header-display":"","ast-hfb-below-header-display":"","ast-hfb-mobile-header-display":"","site-post-title":"disabled","ast-breadcrumbs-content":"","ast-featured-img":"","footer-sml-layout":"","theme-transparent-header-meta":"","adv-header-id-meta":"","stick-header-meta":"","header-above-stick-meta":"","header-main-stick-meta":"","header-below-stick-meta":"","footnotes":""},"class_list":["post-3203","page","type-page","status-publish","hentry"],"_links":{"self":[{"href":"https:\/\/samb-baiona.net\/es\/wp-json\/wp\/v2\/pages\/3203","targetHints":{"allow":["GET"]}}],"collection":[{"href":"https:\/\/samb-baiona.net\/es\/wp-json\/wp\/v2\/pages"}],"about":[{"href":"https:\/\/samb-baiona.net\/es\/wp-json\/wp\/v2\/types\/page"}],"author":[{"embeddable":true,"href":"https:\/\/samb-baiona.net\/es\/wp-json\/wp\/v2\/users\/1"}],"replies":[{"embeddable":true,"href":"https:\/\/samb-baiona.net\/es\/wp-json\/wp\/v2\/comments?post=3203"}],"version-history":[{"count":1,"href":"https:\/\/samb-baiona.net\/es\/wp-json\/wp\/v2\/pages\/3203\/revisions"}],"predecessor-version":[{"id":3205,"href":"https:\/\/samb-baiona.net\/es\/wp-json\/wp\/v2\/pages\/3203\/revisions\/3205"}],"wp:attachment":[{"href":"https:\/\/samb-baiona.net\/es\/wp-json\/wp\/v2\/media?parent=3203"}],"curies":[{"name":"wp","href":"https:\/\/api.w.org\/{rel}","templated":true}]}}