{"id":3195,"date":"2023-11-07T21:58:33","date_gmt":"2023-11-07T20:58:33","guid":{"rendered":"https:\/\/samb-baiona.net\/?page_id=3195"},"modified":"2025-05-01T15:25:09","modified_gmt":"2025-05-01T13:25:09","slug":"las-conferencias","status":"publish","type":"page","link":"https:\/\/samb-baiona.net\/es\/las-conferencias\/","title":{"rendered":"Las conferencias"},"content":{"rendered":"\n<figure class=\"wp-block-gallery has-nested-images columns-default is-cropped wp-block-gallery-1 is-layout-flex wp-block-gallery-is-layout-flex\">\n<figure class=\"wp-block-image size-large\"><img loading=\"lazy\" decoding=\"async\" width=\"1024\" height=\"173\" data-id=\"1784\" src=\"https:\/\/samb-baiona.net\/wp-content\/uploads\/2023\/11\/Bandeau-Conferences-1024x173.jpg\" alt=\"\" class=\"wp-image-1784\" srcset=\"https:\/\/samb-baiona.net\/wp-content\/uploads\/2023\/11\/Bandeau-Conferences-1024x173.jpg 1024w, https:\/\/samb-baiona.net\/wp-content\/uploads\/2023\/11\/Bandeau-Conferences-300x51.jpg 300w, https:\/\/samb-baiona.net\/wp-content\/uploads\/2023\/11\/Bandeau-Conferences-768x130.jpg 768w, https:\/\/samb-baiona.net\/wp-content\/uploads\/2023\/11\/Bandeau-Conferences-1536x260.jpg 1536w, https:\/\/samb-baiona.net\/wp-content\/uploads\/2023\/11\/Bandeau-Conferences-2048x346.jpg 2048w\" sizes=\"auto, (max-width: 1024px) 100vw, 1024px\" \/><\/figure>\n<\/figure>\n\n\n\n<p class=\"has-text-color has-link-color has-large-font-size wp-elements-1bd2da58bed99ef15df0442717e6664f\" style=\"color:#893434;margin-top:0;margin-bottom:0;padding-top:var(--wp--preset--spacing--40);padding-bottom:var(--wp--preset--spacing--40)\">Las conferencias<\/p>\n\n\n\n<p class=\"has-ast-global-color-2-color has-text-color has-link-color wp-elements-a3384973a7700b7b7e663705d7845a67\" style=\"margin-top:var(--wp--preset--spacing--30);margin-right:0;margin-bottom:var(--wp--preset--spacing--30);margin-left:0;font-size:16px;line-height:1.4\">La SAMB realiza regularmente conferencias sobre temas variados, siempre en relaci\u00f3n con la cultura vasca en general. Normalmente tienen lugar los jueves en el Museo Vasco y est\u00e1n abiertas a todos los p\u00fablicos con previa reserva, ya que se dispone de un aforo limitado.<\/p>\n\n\n\n<div class=\"wp-block-columns is-layout-flex wp-container-core-columns-is-layout-ecbc5943 wp-block-columns-is-layout-flex\" style=\"margin-top:0;margin-bottom:0;padding-top:var(--wp--preset--spacing--30);padding-right:0;padding-bottom:var(--wp--preset--spacing--30);padding-left:0\">\n<div class=\"wp-block-column is-layout-flow wp-block-column-is-layout-flow\">\n<p style=\"font-size:16px;line-height:1.4\">Las conferencias est\u00e1n dirigidas por expertos conocedores del Pa\u00eds Vasco, de su cultura y de sus costumbres. <br>Esta actividad ofrece al asistente, la posibilidad de descubrir y profundizar a\u00fan m\u00e1s sus conocimientos en un ambiente amistoso.<br><a href=\"https:\/\/samb-baiona.net\/Evenements\/\" data-type=\"page\" data-id=\"3195\" target=\"_blank\" rel=\"noreferrer noopener\">Venga a descubrirlas<\/a> y no dude en inscribirse (en franc\u00e9s).<br>\u00a1 Ser\u00e1 el bienvenido\u00a0!<\/p>\n\n\n\n<p style=\"font-size:16px;line-height:1.4\"><\/p>\n<\/div>\n\n\n\n<div class=\"wp-block-column is-layout-flow wp-block-column-is-layout-flow\">\n<p style=\"font-size:16px;line-height:1.4\">Las inscripciones se hacen actualmente llamando al (+33) 5 59 59 08 98. Pronto estar\u00e1 disponible una plataforma de reservas previas. Esto le permitir\u00e1 inscribirse en l\u00ednea f\u00e1cilmente.<br>Con el fin de completar estas acciones, la SAMB ofrece regularmente informaci\u00f3n sobre las actividades realizadas por otros organismos que tambi\u00e9n se dedican a la difusi\u00f3n de la cultura y tradiciones vascas. En este caso, se especifican las modalidades de inscripci\u00f3n.<\/p>\n\n\n\n<p style=\"font-size:16px;line-height:1.4\"><\/p>\n<\/div>\n<\/div>\n\n\n\n<p class=\"has-ast-global-color-2-color has-text-color has-link-color wp-elements-9962ff4880805f20fe6dcfa54e33d78f\" style=\"margin-top:var(--wp--preset--spacing--40);margin-bottom:var(--wp--preset--spacing--40);font-size:16px\">Los miembros de la SAMB reciben regularmente informaci\u00f3n de las pr\u00f3ximas conferencias a trav\u00e9s de un bolet\u00edn informativo.<\/p>\n","protected":false},"excerpt":{"rendered":"<p>Las conferencias La SAMB realiza regularmente conferencias sobre temas variados, siempre en relaci\u00f3n con la cultura vasca en general. Normalmente tienen lugar los jueves en el Museo Vasco y est\u00e1n abiertas a todos los p\u00fablicos con previa reserva, ya que se dispone de un aforo limitado. Las conferencias est\u00e1n dirigidas por expertos conocedores del Pa\u00eds &hellip;<\/p>\n<p class=\"read-more\"> <a class=\"\" href=\"https:\/\/samb-baiona.net\/es\/las-conferencias\/\"> <span class=\"screen-reader-text\">Las conferencias<\/span> Leer m\u00e1s &raquo;<\/a><\/p>\n","protected":false},"author":1,"featured_media":0,"parent":0,"menu_order":0,"comment_status":"closed","ping_status":"closed","template":"","meta":{"site-sidebar-layout":"default","site-content-layout":"default","ast-global-header-display":"","ast-main-header-display":"","ast-hfb-above-header-display":"","ast-hfb-below-header-display":"","ast-hfb-mobile-header-display":"","site-post-title":"disabled","ast-breadcrumbs-content":"","ast-featured-img":"","footer-sml-layout":"","theme-transparent-header-meta":"","adv-header-id-meta":"","stick-header-meta":"","header-above-stick-meta":"","header-main-stick-meta":"","header-below-stick-meta":"","footnotes":""},"class_list":["post-3195","page","type-page","status-publish","hentry"],"_links":{"self":[{"href":"https:\/\/samb-baiona.net\/es\/wp-json\/wp\/v2\/pages\/3195","targetHints":{"allow":["GET"]}}],"collection":[{"href":"https:\/\/samb-baiona.net\/es\/wp-json\/wp\/v2\/pages"}],"about":[{"href":"https:\/\/samb-baiona.net\/es\/wp-json\/wp\/v2\/types\/page"}],"author":[{"embeddable":true,"href":"https:\/\/samb-baiona.net\/es\/wp-json\/wp\/v2\/users\/1"}],"replies":[{"embeddable":true,"href":"https:\/\/samb-baiona.net\/es\/wp-json\/wp\/v2\/comments?post=3195"}],"version-history":[{"count":1,"href":"https:\/\/samb-baiona.net\/es\/wp-json\/wp\/v2\/pages\/3195\/revisions"}],"predecessor-version":[{"id":3200,"href":"https:\/\/samb-baiona.net\/es\/wp-json\/wp\/v2\/pages\/3195\/revisions\/3200"}],"wp:attachment":[{"href":"https:\/\/samb-baiona.net\/es\/wp-json\/wp\/v2\/media?parent=3195"}],"curies":[{"name":"wp","href":"https:\/\/api.w.org\/{rel}","templated":true}]}}