{"id":3187,"date":"2023-10-23T20:22:37","date_gmt":"2023-10-23T18:22:37","guid":{"rendered":"https:\/\/samb-baiona.net\/?page_id=3187"},"modified":"2025-05-02T23:19:57","modified_gmt":"2025-05-02T21:19:57","slug":"proximas-actividades","status":"publish","type":"page","link":"https:\/\/samb-baiona.net\/es\/proximas-actividades\/","title":{"rendered":"Pr\u00f3ximas actividades"},"content":{"rendered":"\n<figure class=\"wp-block-gallery has-nested-images columns-default is-cropped wp-block-gallery-1 is-layout-flex wp-block-gallery-is-layout-flex\">\n<figure class=\"wp-block-image size-large\"><img loading=\"lazy\" decoding=\"async\" width=\"1024\" height=\"238\" data-id=\"1475\" src=\"https:\/\/samb-baiona.net\/wp-content\/uploads\/2023\/10\/Bandeau_evenements-1024x238.jpg\" alt=\"\" class=\"wp-image-1475\" srcset=\"https:\/\/samb-baiona.net\/wp-content\/uploads\/2023\/10\/Bandeau_evenements-1024x238.jpg 1024w, https:\/\/samb-baiona.net\/wp-content\/uploads\/2023\/10\/Bandeau_evenements-300x70.jpg 300w, https:\/\/samb-baiona.net\/wp-content\/uploads\/2023\/10\/Bandeau_evenements-768x179.jpg 768w, https:\/\/samb-baiona.net\/wp-content\/uploads\/2023\/10\/Bandeau_evenements-1536x358.jpg 1536w, https:\/\/samb-baiona.net\/wp-content\/uploads\/2023\/10\/Bandeau_evenements-2048x477.jpg 2048w\" sizes=\"auto, (max-width: 1024px) 100vw, 1024px\" \/><\/figure>\n<\/figure>\n\n\n\n<p style=\"margin-top:0;margin-right:var(--wp--preset--spacing--50);margin-bottom:0;margin-left:var(--wp--preset--spacing--50)\">La SAMB organiza diferentes actividades :<\/p>\n\n\n\n<div class=\"wp-block-columns is-layout-flex wp-container-core-columns-is-layout-a5331a9e wp-block-columns-is-layout-flex\" style=\"padding-top:0;padding-right:0;padding-bottom:0;padding-left:0\">\n<div class=\"wp-block-column is-layout-flow wp-block-column-is-layout-flow\">\n<ul class=\"wp-block-list\">\n<li style=\"line-height:1.4\">conferencias mensuales sobre diversos temas, animadas siempre por expertos conocedores de la cultura vasca. Estas conferencias est\u00e1n abiertas a todos los p\u00fablicos, previa inscripci\u00f3n. <a href=\"https:\/\/samb-baiona.net\/es\/las-conferencias\/\" data-type=\"page\" data-id=\"3195\" target=\"_blank\" rel=\"noreferrer noopener\">Saber m\u00e1s.<\/a><\/li>\n\n\n\n<li style=\"line-height:1.4\">visitas al Museo Vasco guiadas por profesionales de reconocido prestigio.<\/li>\n<\/ul>\n<\/div>\n\n\n\n<div class=\"wp-block-column is-layout-flow wp-block-column-is-layout-flow\">\n<ul class=\"wp-block-list\">\n<li style=\"line-height:1.4\">salidas culturales tem\u00e1ticas, generalmente organizadas de un d\u00eda de duraci\u00f3n. Estas visitas est\u00e1n reservadas para los miembros de la SAMB y se encuentran supervisadas por especialistas en el tema. <a href=\"https:\/\/samb-baiona.net\/es\/las-visitas-tematicas\/\" data-type=\"page\" data-id=\"3203\" target=\"_blank\" rel=\"noreferrer noopener\">Saber m\u00e1s.<\/a><br><\/li>\n<\/ul>\n<\/div>\n<\/div>\n\n\n\n<p class=\"has-text-align-center has-ast-global-color-6-background-color has-background\" style=\"margin-top:var(--wp--preset--spacing--40);margin-bottom:var(--wp--preset--spacing--40);padding-top:var(--wp--preset--spacing--30);padding-bottom:var(--wp--preset--spacing--30)\"><a href=\"https:\/\/samb-baiona.net\/Evenements\" target=\"_blank\" rel=\"noreferrer noopener\">Realizar una b\u00fasqueda en los eventos, pasados y\/o futuros<\/a><\/p>\n\n\n\n<p style=\"font-size:0px\">Voir tous les \u00e9v\u00e8nements<\/p>\n\n\n\n<p><\/p>\n","protected":false},"excerpt":{"rendered":"<p>La SAMB organiza diferentes actividades : Realizar una b\u00fasqueda en los eventos, pasados y\/o futuros Voir tous les \u00e9v\u00e8nements<\/p>\n","protected":false},"author":1,"featured_media":0,"parent":0,"menu_order":0,"comment_status":"closed","ping_status":"closed","template":"","meta":{"site-sidebar-layout":"default","site-content-layout":"default","ast-global-header-display":"","ast-main-header-display":"","ast-hfb-above-header-display":"","ast-hfb-below-header-display":"","ast-hfb-mobile-header-display":"","site-post-title":"disabled","ast-breadcrumbs-content":"","ast-featured-img":"","footer-sml-layout":"","theme-transparent-header-meta":"","adv-header-id-meta":"","stick-header-meta":"","header-above-stick-meta":"","header-main-stick-meta":"","header-below-stick-meta":"","footnotes":""},"class_list":["post-3187","page","type-page","status-publish","hentry"],"_links":{"self":[{"href":"https:\/\/samb-baiona.net\/es\/wp-json\/wp\/v2\/pages\/3187","targetHints":{"allow":["GET"]}}],"collection":[{"href":"https:\/\/samb-baiona.net\/es\/wp-json\/wp\/v2\/pages"}],"about":[{"href":"https:\/\/samb-baiona.net\/es\/wp-json\/wp\/v2\/types\/page"}],"author":[{"embeddable":true,"href":"https:\/\/samb-baiona.net\/es\/wp-json\/wp\/v2\/users\/1"}],"replies":[{"embeddable":true,"href":"https:\/\/samb-baiona.net\/es\/wp-json\/wp\/v2\/comments?post=3187"}],"version-history":[{"count":1,"href":"https:\/\/samb-baiona.net\/es\/wp-json\/wp\/v2\/pages\/3187\/revisions"}],"predecessor-version":[{"id":3255,"href":"https:\/\/samb-baiona.net\/es\/wp-json\/wp\/v2\/pages\/3187\/revisions\/3255"}],"wp:attachment":[{"href":"https:\/\/samb-baiona.net\/es\/wp-json\/wp\/v2\/media?parent=3187"}],"curies":[{"name":"wp","href":"https:\/\/api.w.org\/{rel}","templated":true}]}}