{"id":3177,"date":"2023-05-01T09:52:24","date_gmt":"2023-05-01T07:52:24","guid":{"rendered":"https:\/\/samb-baiona.net\/?page_id=3177"},"modified":"2025-05-01T19:44:14","modified_gmt":"2025-05-01T17:44:14","slug":"el-boletin-del-museo-vasco","status":"publish","type":"page","link":"https:\/\/samb-baiona.net\/es\/el-boletin-del-museo-vasco\/","title":{"rendered":"El Bolet\u00edn del Museo Vasco"},"content":{"rendered":"\n<figure class=\"wp-block-gallery has-nested-images columns-default is-cropped wp-block-gallery-1 is-layout-flex wp-block-gallery-is-layout-flex\">\n<figure class=\"wp-block-image size-large\"><img loading=\"lazy\" decoding=\"async\" width=\"1024\" height=\"182\" data-id=\"1965\" src=\"https:\/\/samb-baiona.net\/wp-content\/uploads\/2023\/11\/Bandeau_BMB-1024x182.jpg\" alt=\"\" class=\"wp-image-1965\" srcset=\"https:\/\/samb-baiona.net\/wp-content\/uploads\/2023\/11\/Bandeau_BMB-1024x182.jpg 1024w, https:\/\/samb-baiona.net\/wp-content\/uploads\/2023\/11\/Bandeau_BMB-300x53.jpg 300w, https:\/\/samb-baiona.net\/wp-content\/uploads\/2023\/11\/Bandeau_BMB-768x136.jpg 768w, https:\/\/samb-baiona.net\/wp-content\/uploads\/2023\/11\/Bandeau_BMB-1536x273.jpg 1536w, https:\/\/samb-baiona.net\/wp-content\/uploads\/2023\/11\/Bandeau_BMB-2048x364.jpg 2048w\" sizes=\"auto, (max-width: 1024px) 100vw, 1024px\" \/><\/figure>\n<\/figure>\n\n\n\n<hr class=\"wp-block-separator has-alpha-channel-opacity is-style-wide\"\/>\n\n\n\n<p class=\"has-text-color has-link-color has-large-font-size wp-elements-feef03d8ea230305c580b107c3b4485f\" style=\"color:#903a3a;margin-top:0;margin-bottom:0\">El Bolet\u00edn del Museo Vasco<\/p>\n\n\n\n<div class=\"wp-block-columns is-layout-flex wp-container-core-columns-is-layout-b5449230 wp-block-columns-is-layout-flex\" style=\"padding-top:var(--wp--preset--spacing--50);padding-right:0;padding-bottom:var(--wp--preset--spacing--50);padding-left:0\">\n<div class=\"wp-block-column is-layout-flow wp-block-column-is-layout-flow\">\n<p class=\"has-black-color has-text-color has-link-color wp-elements-7d1ab3d2e3116922715a1cdd082078f2\" style=\"line-height:1.4\">El Bolet\u00edn del Museo Vasco (o BMB) aparece en 1924 al mismo tiempo que el Museo Vasco. En un siglo public\u00f3 m\u00e1s de 1500 art\u00edculos dedicados a la vida del Museo y, m\u00e1s generalmente, a la historia, la civilizaci\u00f3n y la cultura vasca, sin olvidar Bayona, la ciudad gascona que parad\u00f3jicamente se convirti\u00f3 en su capital.<br><\/p>\n<\/div>\n\n\n\n<div class=\"wp-block-column is-layout-flow wp-block-column-is-layout-flow\">\n<p class=\"has-black-color has-text-color has-link-color wp-elements-bcd9ce1ff40ca4776c74df227aad54ce\" style=\"line-height:1.4\">Investigadores (acogemos con gusto a j\u00f3venes universitarios en nuestras p\u00e1ginas) o aficionados ilustrados. Ambos pueden publicar en el BMB : los proyectos de art\u00edculos se aprueban, bas\u00e1ndose en <a href=\"https:\/\/samb-baiona.net\/wp-content\/uploads\/2023\/11\/Recommandations_auteurs.pdf\" target=\"_blank\" rel=\"noreferrer noopener\">estas recomendaciones<\/a> (en franc\u00e8s), por un comit\u00e9 editorial, formado por miembros de la Sociedad de los Amigos de Pa\u00eds Vasco.<\/p>\n<\/div>\n<\/div>\n\n\n\n<p class=\"has-black-color has-text-color has-link-color wp-elements-7c69643c4c8704f80a30f2e409564d35\" style=\"margin-top:0;margin-bottom:0;line-height:1.3\">Utilice el primer enlace a continuaci\u00f3n para acceder a una base de datos que le permitir\u00e1 encontrar el a\u00f1o, el n\u00famero, el autor o el art\u00edculo del Bolet\u00edn del Museo Vasco que le interese.<br>Puede tambi\u00e9n consultar en l\u00ednea, a trav\u00e9s del enlace siguiente, los Boletines posteriores al a\u00f1o 2008. (Los n\u00fameros de 1924 a 2020 se pueden consultar en el <a href=\"https:\/\/prentsa.bilketa.eus\/ark:\/27020\/bi00013\" target=\"_blank\" rel=\"noreferrer noopener\">portal de documentos Pays Basque Bilketa<\/a>).<br>Por \u00faltimo, puede comprar, cuando no est\u00e9n agotados, los n\u00fameros impresos de nuestra colecci\u00f3n, as\u00ed como los dos \u00faltimos n\u00fameros publicados, en formato impreso o en formato digital.<\/p>\n\n\n\n<p class=\"has-black-color has-text-color has-link-color wp-elements-836208aa4e242aab3cd06aba970fec69\" style=\"margin-top:0;margin-bottom:0;line-height:1.3\"><\/p>\n\n\n\n<ol style=\"margin-top:var(--wp--preset--spacing--50);margin-bottom:var(--wp--preset--spacing--50)\" class=\"wp-block-list has-black-color has-text-color has-link-color wp-elements-4566e9a27005096a9ea018817336ebdb\">\n<li><a href=\"https:\/\/bdd.samb-baiona.net\/controleur.php?action=action_accederModuleDeRecherche\" target=\"_blank\" rel=\"noreferrer noopener\">Encontrar el BMB que le interese en nuestra base de datos <\/a>(en franc\u00e9s)<\/li>\n\n\n\n<li><a href=\"https:\/\/samb-baiona.net\/les-bmb-en-ligne\/\" target=\"_blank\" rel=\"noreferrer noopener\">Consultar y descargar los BMB del siglo XXI en l\u00ednea<\/a><\/li>\n\n\n\n<li>Comprar un n\u00famero antiguo impreso : <a href=\"https:\/\/societe-des-amis-du-musee-basque.assoconnect.com\/collect\/description\/360167-k-bulletin-du-musee-basque-vente-par-numero-de-l-annee-1926-a-l-annee-1980\" target=\"_blank\" rel=\"noreferrer noopener\">de 1926 a 1980<\/a> \u2013 <a href=\"https:\/\/societe-des-amis-du-musee-basque.assoconnect.com\/collect\/description\/360193-k-bulletin-du-musee-basque-vente-par-numero-de-l-annee-1981-a-l-annee-1997\" target=\"_blank\" rel=\"noreferrer noopener\">de 1981 a 1997<\/a> \u2013 <a href=\"https:\/\/societe-des-amis-du-musee-basque.assoconnect.com\/collect\/description\/360197-k-bulletin-du-musee-basque-vente-par-numero-de-l-annee-1998-a-l-annee-2023\" target=\"_blank\" rel=\"noreferrer noopener\">de 1998 a 2023<\/a>.<\/li>\n\n\n\n<li><a href=\"https:\/\/societe-des-amis-du-musee-basque.assoconnect.com\/collect\/description\/361554-i-achetez-les-deux-derniers-bulletins-du-musee-basque-et-de-l-histoire-de-bayonne\" target=\"_blank\" rel=\"noreferrer noopener\">Comprar los dos \u00faltimos n\u00fameros del BMB<\/a><\/li>\n<\/ol>\n\n\n\n<p><\/p>\n","protected":false},"excerpt":{"rendered":"<p>El Bolet\u00edn del Museo Vasco El Bolet\u00edn del Museo Vasco (o BMB) aparece en 1924 al mismo tiempo que el Museo Vasco. En un siglo public\u00f3 m\u00e1s de 1500 art\u00edculos dedicados a la vida del Museo y, m\u00e1s generalmente, a la historia, la civilizaci\u00f3n y la cultura vasca, sin olvidar Bayona, la ciudad gascona que &hellip;<\/p>\n<p class=\"read-more\"> <a class=\"\" href=\"https:\/\/samb-baiona.net\/es\/el-boletin-del-museo-vasco\/\"> <span class=\"screen-reader-text\">El Bolet\u00edn del Museo Vasco<\/span> Leer m\u00e1s &raquo;<\/a><\/p>\n","protected":false},"author":1,"featured_media":0,"parent":0,"menu_order":0,"comment_status":"closed","ping_status":"closed","template":"","meta":{"site-sidebar-layout":"default","site-content-layout":"default","ast-global-header-display":"","ast-main-header-display":"","ast-hfb-above-header-display":"","ast-hfb-below-header-display":"","ast-hfb-mobile-header-display":"","site-post-title":"disabled","ast-breadcrumbs-content":"","ast-featured-img":"","footer-sml-layout":"","theme-transparent-header-meta":"","adv-header-id-meta":"","stick-header-meta":"","header-above-stick-meta":"","header-main-stick-meta":"","header-below-stick-meta":"","footnotes":""},"class_list":["post-3177","page","type-page","status-publish","hentry"],"_links":{"self":[{"href":"https:\/\/samb-baiona.net\/es\/wp-json\/wp\/v2\/pages\/3177","targetHints":{"allow":["GET"]}}],"collection":[{"href":"https:\/\/samb-baiona.net\/es\/wp-json\/wp\/v2\/pages"}],"about":[{"href":"https:\/\/samb-baiona.net\/es\/wp-json\/wp\/v2\/types\/page"}],"author":[{"embeddable":true,"href":"https:\/\/samb-baiona.net\/es\/wp-json\/wp\/v2\/users\/1"}],"replies":[{"embeddable":true,"href":"https:\/\/samb-baiona.net\/es\/wp-json\/wp\/v2\/comments?post=3177"}],"version-history":[{"count":1,"href":"https:\/\/samb-baiona.net\/es\/wp-json\/wp\/v2\/pages\/3177\/revisions"}],"predecessor-version":[{"id":3244,"href":"https:\/\/samb-baiona.net\/es\/wp-json\/wp\/v2\/pages\/3177\/revisions\/3244"}],"wp:attachment":[{"href":"https:\/\/samb-baiona.net\/es\/wp-json\/wp\/v2\/media?parent=3177"}],"curies":[{"name":"wp","href":"https:\/\/api.w.org\/{rel}","templated":true}]}}