{"id":3142,"date":"2023-11-08T19:28:56","date_gmt":"2023-11-08T18:28:56","guid":{"rendered":"https:\/\/samb-baiona.net\/?page_id=3142"},"modified":"2025-05-25T09:52:09","modified_gmt":"2025-05-25T07:52:09","slug":"el-equipo","status":"publish","type":"page","link":"https:\/\/samb-baiona.net\/es\/el-equipo\/","title":{"rendered":"El equipo"},"content":{"rendered":"\n<figure class=\"wp-block-gallery has-nested-images columns-default is-cropped wp-block-gallery-1 is-layout-flex wp-block-gallery-is-layout-flex\">\n<figure class=\"wp-block-image size-large\"><img loading=\"lazy\" decoding=\"async\" width=\"1024\" height=\"163\" data-id=\"2087\" src=\"https:\/\/samb-baiona.net\/wp-content\/uploads\/2023\/11\/Bandeau-equipe-1024x163.jpg\" alt=\"\" class=\"wp-image-2087\" srcset=\"https:\/\/samb-baiona.net\/wp-content\/uploads\/2023\/11\/Bandeau-equipe-1024x163.jpg 1024w, https:\/\/samb-baiona.net\/wp-content\/uploads\/2023\/11\/Bandeau-equipe-300x48.jpg 300w, https:\/\/samb-baiona.net\/wp-content\/uploads\/2023\/11\/Bandeau-equipe-768x122.jpg 768w, https:\/\/samb-baiona.net\/wp-content\/uploads\/2023\/11\/Bandeau-equipe-1536x244.jpg 1536w, https:\/\/samb-baiona.net\/wp-content\/uploads\/2023\/11\/Bandeau-equipe-2048x325.jpg 2048w\" sizes=\"auto, (max-width: 1024px) 100vw, 1024px\" \/><\/figure>\n<\/figure>\n\n\n\n<p class=\"has-text-color has-link-color has-large-font-size wp-elements-1ff007ceda2a7c1b26b004ea99d68fb2\" style=\"color:#763434;margin-top:var(--wp--preset--spacing--40);margin-bottom:var(--wp--preset--spacing--40);padding-top:var(--wp--preset--spacing--40);padding-bottom:var(--wp--preset--spacing--40)\">El equipo<\/p>\n\n\n\n<p class=\"has-text-color has-link-color wp-elements-d13350aa84e7b0e4228bad21995213c2\" style=\"color:#161429;margin-top:var(--wp--preset--spacing--20);margin-bottom:var(--wp--preset--spacing--20);line-height:1.4\">La SAMB est\u00e1 dirigida por un <strong>comit\u00e9 ejecutivo<\/strong>, elegido cada a\u00f1o por el Consejo de Administraci\u00f3n que se re\u00fane una vez al mes. Esta es su composici\u00f3n :<\/p>\n\n\n\n<div class=\"wp-block-columns is-layout-flex wp-container-core-columns-is-layout-a5331a9e wp-block-columns-is-layout-flex\" style=\"padding-top:0;padding-right:0;padding-bottom:0;padding-left:0\">\n<div class=\"wp-block-column is-layout-flow wp-block-column-is-layout-flow\">\n<p style=\"line-height:1.4\">Jean-Michel BEDECARRAX, presidente , Mano CURUTCHARRY y Bertrand DELAGE, vicepresidentes, Jean-Marie PERRET, tesorero, No\u00eblle SVIRMICKAS, secretaria general, Maritxu ETCHEVERRY, secretaria general adjunta,<\/p>\n<\/div>\n\n\n\n<div class=\"wp-block-column is-layout-flow wp-block-column-is-layout-flow\">\n<p style=\"line-height:1.4\">Maryse DUMOULIN, responsable de comunicaci\u00f3n y Charles VIDEGAIN, responsable del Bolet\u00edn del Museo Vasco.<\/p>\n<\/div>\n<\/div>\n\n\n\n<p class=\"has-ast-global-color-2-color has-text-color has-link-color wp-elements-d25f21e57150a76565e51ea6a2869c47\" style=\"margin-top:var(--wp--preset--spacing--40);margin-bottom:var(--wp--preset--spacing--40);line-height:1.4\">El <strong>Consejo de Administraci\u00f3n<\/strong>, incluye 17 miembros. Se renueva cada a\u00f1o por tercios durante una Asamblea General.<br>Est\u00e1 compuesto por :<\/p>\n\n\n\n<p class=\"has-ast-global-color-2-color has-text-color has-link-color wp-elements-0beb0a0f69d9b09c96a5bcbfa4d813f2\" style=\"margin-top:var(--wp--preset--spacing--40);margin-bottom:var(--wp--preset--spacing--40);line-height:1.4\"><\/p>\n\n\n\n<div class=\"wp-block-columns is-layout-flex wp-container-core-columns-is-layout-a5331a9e wp-block-columns-is-layout-flex\" style=\"padding-top:0;padding-right:0;padding-bottom:0;padding-left:0\">\n<div class=\"wp-block-column is-layout-flow wp-block-column-is-layout-flow\">\n<p style=\"line-height:1.4\">,Jean- Michel BEDECARRAX, C\u00e9cile BLIN, Odile CONTAMIN, Mano CURUTCHARRY, Bertrand DELAGE, Maryse DUMOULIN, Maritxu ETCHANDY, Maritchu ETCHEVERRY, Kristian LIET,<\/p>\n<\/div>\n\n\n\n<div class=\"wp-block-column is-layout-flow wp-block-column-is-layout-flow\">\n<p style=\"line-height:1.4\">Ghislaine MAURICE-de BLAY, Marina NOVELLA, Anne OUKHEMANOU, Jean-Marie PERRET, Christian PRIEUR, Olivier RIBETON, \u00c9tienne ROUSSEAU-PLOTTO, No\u00eblle SVIRMICKAS, Charles VIDEGAIN.<\/p>\n<\/div>\n<\/div>\n\n\n\n<p style=\"margin-top:var(--wp--preset--spacing--40);margin-bottom:var(--wp--preset--spacing--40);line-height:1.4\">El Bolet\u00edn del Museo Vasco se prepara en un comit\u00e9 de redacci\u00f3n que se re\u00fane alrededor de Charles Videgain para estudiar los art\u00edculos presentados y elegir los temas de la revista.<br>Tambi\u00e9n se pueden crear comisiones de trabajo para tratar de un tema particular de la vida de la asociaci\u00f3n.<\/p>\n\n\n\n<p style=\"margin-top:var(--wp--preset--spacing--40);margin-bottom:var(--wp--preset--spacing--40);line-height:1.4\"><br><\/p>\n\n\n\n<p style=\"margin-top:0;margin-right:0;margin-bottom:0;margin-left:0;padding-top:0;padding-right:var(--wp--preset--spacing--20);padding-bottom:0;padding-left:var(--wp--preset--spacing--20);font-size:18px\">Los presidentes sucesivos de la SAMB :<\/p>\n\n\n\n<div class=\"wp-block-columns is-layout-flex wp-container-core-columns-is-layout-1da14fc4 wp-block-columns-is-layout-flex\" style=\"padding-top:0;padding-right:var(--wp--preset--spacing--20);padding-bottom:0;padding-left:var(--wp--preset--spacing--20);line-height:1\">\n<div class=\"wp-block-column is-layout-flow wp-block-column-is-layout-flow\" style=\"flex-basis:25%\">\n<figure style=\"font-size:14px\" class=\"wp-block-table\"><table style=\"border-style:none;border-width:0px\"><tbody><tr><td>1956-1962<\/td><td>G\u00e9n\u00e9ral AUBLET<\/td><\/tr><tr><td>1962-1973<\/td><td>Louis DASSANCE<\/td><\/tr><tr><td>1973-1989<\/td><td>Eug\u00e8ne GOYENETCHE<\/td><\/tr><tr><td>1989-1995<\/td><td>Michel DUVERT<\/td><\/tr><tr><td>1995-1996<\/td><td>Isabelle de AJURIAGUERRA<\/td><\/tr><\/tbody><\/table><\/figure>\n<\/div>\n\n\n\n<div class=\"wp-block-column is-layout-flow wp-block-column-is-layout-flow\" style=\"flex-basis:30%\">\n<figure style=\"padding-top:0;padding-right:0;padding-bottom:0;padding-left:0;font-size:14px\" class=\"wp-block-table\"><table style=\"border-style:none;border-width:0px\"><tbody><tr><td>1997-2003<\/td><td>Michel DUVERT<\/td><\/tr><tr><td>2003-2006<\/td><td>Philippe ETCHEGOYHEN<\/td><\/tr><tr><td>2006-2012<\/td><td>Kristian LIET<\/td><\/tr><tr><td>2012-2024<\/td><td> Maritxu ETCHANDY<\/td><\/tr><tr><td>Desde 2024<\/td><td>Jean-Michel BEDECARRAX<br><\/td><\/tr><\/tbody><\/table><\/figure>\n<\/div>\n\n\n\n<div class=\"wp-block-column is-layout-flow wp-block-column-is-layout-flow\" style=\"flex-basis:33.33%\"><\/div>\n<\/div>\n","protected":false},"excerpt":{"rendered":"<p>El equipo La SAMB est\u00e1 dirigida por un comit\u00e9 ejecutivo, elegido cada a\u00f1o por el Consejo de Administraci\u00f3n que se re\u00fane una vez al mes. Esta es su composici\u00f3n : Jean-Michel BEDECARRAX, presidente , Mano CURUTCHARRY y Bertrand DELAGE, vicepresidentes, Jean-Marie PERRET, tesorero, No\u00eblle SVIRMICKAS, secretaria general, Maritxu ETCHEVERRY, secretaria general adjunta, Maryse DUMOULIN, responsable &hellip;<\/p>\n<p class=\"read-more\"> <a class=\"\" href=\"https:\/\/samb-baiona.net\/es\/el-equipo\/\"> <span class=\"screen-reader-text\">El equipo<\/span> Leer m\u00e1s &raquo;<\/a><\/p>\n","protected":false},"author":1,"featured_media":0,"parent":0,"menu_order":0,"comment_status":"closed","ping_status":"closed","template":"","meta":{"site-sidebar-layout":"default","site-content-layout":"default","ast-global-header-display":"","ast-main-header-display":"","ast-hfb-above-header-display":"","ast-hfb-below-header-display":"","ast-hfb-mobile-header-display":"","site-post-title":"disabled","ast-breadcrumbs-content":"","ast-featured-img":"","footer-sml-layout":"","theme-transparent-header-meta":"","adv-header-id-meta":"","stick-header-meta":"","header-above-stick-meta":"","header-main-stick-meta":"","header-below-stick-meta":"","footnotes":""},"class_list":["post-3142","page","type-page","status-publish","hentry"],"_links":{"self":[{"href":"https:\/\/samb-baiona.net\/es\/wp-json\/wp\/v2\/pages\/3142","targetHints":{"allow":["GET"]}}],"collection":[{"href":"https:\/\/samb-baiona.net\/es\/wp-json\/wp\/v2\/pages"}],"about":[{"href":"https:\/\/samb-baiona.net\/es\/wp-json\/wp\/v2\/types\/page"}],"author":[{"embeddable":true,"href":"https:\/\/samb-baiona.net\/es\/wp-json\/wp\/v2\/users\/1"}],"replies":[{"embeddable":true,"href":"https:\/\/samb-baiona.net\/es\/wp-json\/wp\/v2\/comments?post=3142"}],"version-history":[{"count":1,"href":"https:\/\/samb-baiona.net\/es\/wp-json\/wp\/v2\/pages\/3142\/revisions"}],"predecessor-version":[{"id":3287,"href":"https:\/\/samb-baiona.net\/es\/wp-json\/wp\/v2\/pages\/3142\/revisions\/3287"}],"wp:attachment":[{"href":"https:\/\/samb-baiona.net\/es\/wp-json\/wp\/v2\/media?parent=3142"}],"curies":[{"name":"wp","href":"https:\/\/api.w.org\/{rel}","templated":true}]}}