{"id":3139,"date":"2023-11-08T19:28:26","date_gmt":"2023-11-08T18:28:26","guid":{"rendered":"https:\/\/samb-baiona.net\/?page_id=3139"},"modified":"2025-05-01T19:35:58","modified_gmt":"2025-05-01T17:35:58","slug":"la-asociacion","status":"publish","type":"page","link":"https:\/\/samb-baiona.net\/es\/la-asociacion\/","title":{"rendered":"La asociaci\u00f3n"},"content":{"rendered":"\n<figure class=\"wp-block-gallery has-nested-images columns-default is-cropped wp-block-gallery-1 is-layout-flex wp-block-gallery-is-layout-flex\">\n<figure class=\"wp-block-image size-large\"><img loading=\"lazy\" decoding=\"async\" width=\"1024\" height=\"171\" data-id=\"2077\" src=\"https:\/\/samb-baiona.net\/wp-content\/uploads\/2023\/11\/Bandeau-association-1-1024x171.jpg\" alt=\"\" class=\"wp-image-2077\" srcset=\"https:\/\/samb-baiona.net\/wp-content\/uploads\/2023\/11\/Bandeau-association-1-1024x171.jpg 1024w, https:\/\/samb-baiona.net\/wp-content\/uploads\/2023\/11\/Bandeau-association-1-300x50.jpg 300w, https:\/\/samb-baiona.net\/wp-content\/uploads\/2023\/11\/Bandeau-association-1-768x128.jpg 768w, https:\/\/samb-baiona.net\/wp-content\/uploads\/2023\/11\/Bandeau-association-1-1536x257.jpg 1536w, https:\/\/samb-baiona.net\/wp-content\/uploads\/2023\/11\/Bandeau-association-1-2048x342.jpg 2048w\" sizes=\"auto, (max-width: 1024px) 100vw, 1024px\" \/><\/figure>\n<\/figure>\n\n\n\n<p class=\"has-text-color has-link-color has-large-font-size wp-elements-32096035ac55d341b5f53206ea1db032\" style=\"color:#6d2020;margin-top:var(--wp--preset--spacing--30);margin-bottom:var(--wp--preset--spacing--30);padding-top:var(--wp--preset--spacing--40);padding-bottom:var(--wp--preset--spacing--40)\">La asociaci\u00f3n<\/p>\n\n\n\n<div class=\"wp-block-columns is-layout-flex wp-container-core-columns-is-layout-a5331a9e wp-block-columns-is-layout-flex\" style=\"padding-top:0;padding-right:0;padding-bottom:0;padding-left:0\">\n<div class=\"wp-block-column is-layout-flow wp-block-column-is-layout-flow\">\n<p class=\"has-black-color has-text-color has-link-color wp-elements-0a60f2fe5d754d2ad9a7b01f01c011c8\" style=\"line-height:1.4\"><br>En 1956 se cre\u00f3 La Sociedad de los Amigos del Museo Vasco (o SAMB : Soci\u00e8t\u00e9 des Amis du Mus\u00e9e Basque) para contribuir al prestigio del<a href=\"https:\/\/www.musee-basque.com\/\" target=\"_blank\" rel=\"noreferrer noopener\"> Museo Vasco y de la Historia de Bayona.<\/a><br>Agrupa las personas interesadas por la cultura vasca y su patrimonio.<br>Organiza <a href=\"https:\/\/samb-baiona.net\/es\/proximas-actividades\/\" data-type=\"page\" data-id=\"3187\" target=\"_blank\" rel=\"noreferrer noopener\">diversas actividades<\/a> como conferencias abiertas a todos con reserva previa. Para sus miembros organiza tambi\u00e9n visitas comentadas de las exposiciones del Museo y salidas culturales tem\u00e1ticas.<br>Publica semestralmente el <a href=\"https:\/\/samb-baiona.net\/es\/el-boletin-del-museo-vasco\/\" data-type=\"page\" data-id=\"3177\" target=\"_blank\" rel=\"noreferrer noopener\">Bolet\u00edn del Museo Vasco<\/a> (o BMB : Bulletin du Mus\u00e9e Basque), cuyo primer n\u00famero se edit\u00f3 hace 100 a\u00f1os, en 1924.<br>El tarjeta de miembro permite el acceso gratuito al Museo durante todo el a\u00f1o.<br>Los miembros tambi\u00e9n reciben \u201cGogoan\u201d, un bolet\u00edn informativo sobre la vida de la asociaci\u00f3n.<br>La SAMB participa en el enriquecimiento de las colecciones del Museo mediante compras que considera oportunas y favorece el mecenazgo mediante la posibilidad de emitir certificados fiscales.<\/p>\n\n\n\n<p class=\"has-black-color has-text-color has-link-color wp-elements-f3f1fe7bdb11401b0d83454f1c26945e\" style=\"line-height:1.4\"><\/p>\n<\/div>\n\n\n\n<div class=\"wp-block-column is-layout-flow wp-block-column-is-layout-flow\">\n<p class=\"has-black-color has-text-color has-link-color wp-elements-809733fefdffd27b99499aba8c12442a\" style=\"line-height:1.4\"><br>La SAMB fue reconocida\u00a0como establecimiento de utilidad p\u00fablica por decreto el 5 de marzo de 2008 y publicado en el Diario Oficial del Estado el 7 de marzo de 2008. Reconocimiento que facilita la asociaci\u00f3n con empresas y entidades culturales y le mecenazgo.<br>Tambi\u00e9n est\u00e1 presente en <a href=\"https:\/\/www.facebook.com\/people\/Soci%C3%A9t%C3%A9-des-Amis-du-Mus%C3%A9e-Basque\/100064492520868\/\" target=\"_blank\" rel=\"noreferrer noopener\">Facebook<\/a>.<\/p>\n\n\n\n<p class=\"has-black-color has-text-color has-link-color wp-elements-067436746be2e3bac84a989116d1bbe1\" style=\"line-height:1.4\">Asociaciones<br>La SAMB cuenta con el apoyo de la Ciudad de Bayona. Sus v\u00ednculos con el Museo Vasco est\u00e1n registrados en un convenio establecido con el Sindicato Mixto que administra el Museo.<br>La SAMB es socia del Instituto Cultural Vasco (Euskal kultur&nbsp;Erakundea) y&nbsp;de la Sociedad de Estudios Vascos (Eusko Ikaskuntza).<br>La SAMB es miembro de la Federaci\u00f3n Francesa de Sociedades de Amigos de Museos (FFSAM).<\/p>\n\n\n\n<p class=\"has-black-color has-text-color has-link-color wp-elements-ec89945678c4ee4b2cdb6b20d4ec58ef\" style=\"line-height:1.4\"><em>Para ponerse en contacto con nosotros<\/em><br>Correo electr\u00f3nico : contact@samb-baiona.net o <a href=\"https:\/\/samb-baiona.net\/es\/contactenos\/\" data-type=\"page\" data-id=\"3156\" target=\"_blank\" rel=\"noreferrer noopener\">clicar aqu\u00ed<\/a><br>Correo postal : SAMB, Ch\u00e2teau Neuf, Place Paul Bert, 64100 Bayonne. Francia.<\/p>\n\n\n\n<p class=\"has-black-color has-text-color has-link-color wp-elements-406b9daa380ff363350e844d6a9c4f09\" style=\"line-height:1.4\"><a href=\"https:\/\/samb-baiona.net\/wp-content\/uploads\/2023\/11\/Statuts-SAMB.pdf\" target=\"_blank\" rel=\"noreferrer noopener\">Ver los estatutos <\/a>(en franc\u00e9s)<br><br><\/p>\n<\/div>\n<\/div>\n\n\n\n<p class=\"has-black-color has-text-color has-link-color wp-elements-27289d20dd5a26cfbd86a8a84421bb24\" style=\"margin-top:var(--wp--preset--spacing--30);margin-right:0;margin-bottom:var(--wp--preset--spacing--30);margin-left:0;line-height:1.4\">Kristian Liet nos habla en 2014 de la relaci\u00f3n entre la SAMB y el Museo. Fue presidente de la SAMB durante varios a\u00f1os (en franc\u00e9s).<\/p>\n\n\n\n<div class=\"wp-block-columns is-layout-flex wp-container-core-columns-is-layout-da615a0b wp-block-columns-is-layout-flex\" style=\"margin-top:var(--wp--preset--spacing--30);margin-bottom:var(--wp--preset--spacing--30);padding-top:0;padding-right:0;padding-bottom:0;padding-left:0\">\n<div class=\"wp-block-column is-layout-flow wp-block-column-is-layout-flow\">\n<figure class=\"wp-block-video\"><video height=\"360\" style=\"aspect-ratio: 640 \/ 360;\" width=\"640\" controls src=\"https:\/\/samb-baiona.net\/wp-content\/uploads\/2023\/10\/Video_Liet_52528428.mp4\"><\/video><\/figure>\n<\/div>\n\n\n\n<div class=\"wp-block-column is-layout-flow wp-block-column-is-layout-flow\"><\/div>\n<\/div>\n","protected":false},"excerpt":{"rendered":"<p>La asociaci\u00f3n En 1956 se cre\u00f3 La Sociedad de los Amigos del Museo Vasco (o SAMB : Soci\u00e8t\u00e9 des Amis du Mus\u00e9e Basque) para contribuir al prestigio del Museo Vasco y de la Historia de Bayona.Agrupa las personas interesadas por la cultura vasca y su patrimonio.Organiza diversas actividades como conferencias abiertas a todos con reserva &hellip;<\/p>\n<p class=\"read-more\"> <a class=\"\" href=\"https:\/\/samb-baiona.net\/es\/la-asociacion\/\"> <span class=\"screen-reader-text\">La asociaci\u00f3n<\/span> Leer m\u00e1s &raquo;<\/a><\/p>\n","protected":false},"author":1,"featured_media":0,"parent":0,"menu_order":0,"comment_status":"closed","ping_status":"closed","template":"","meta":{"site-sidebar-layout":"default","site-content-layout":"default","ast-global-header-display":"","ast-main-header-display":"","ast-hfb-above-header-display":"","ast-hfb-below-header-display":"","ast-hfb-mobile-header-display":"","site-post-title":"disabled","ast-breadcrumbs-content":"","ast-featured-img":"","footer-sml-layout":"","theme-transparent-header-meta":"","adv-header-id-meta":"","stick-header-meta":"","header-above-stick-meta":"","header-main-stick-meta":"","header-below-stick-meta":"","footnotes":""},"class_list":["post-3139","page","type-page","status-publish","hentry"],"_links":{"self":[{"href":"https:\/\/samb-baiona.net\/es\/wp-json\/wp\/v2\/pages\/3139","targetHints":{"allow":["GET"]}}],"collection":[{"href":"https:\/\/samb-baiona.net\/es\/wp-json\/wp\/v2\/pages"}],"about":[{"href":"https:\/\/samb-baiona.net\/es\/wp-json\/wp\/v2\/types\/page"}],"author":[{"embeddable":true,"href":"https:\/\/samb-baiona.net\/es\/wp-json\/wp\/v2\/users\/1"}],"replies":[{"embeddable":true,"href":"https:\/\/samb-baiona.net\/es\/wp-json\/wp\/v2\/comments?post=3139"}],"version-history":[{"count":1,"href":"https:\/\/samb-baiona.net\/es\/wp-json\/wp\/v2\/pages\/3139\/revisions"}],"predecessor-version":[{"id":3243,"href":"https:\/\/samb-baiona.net\/es\/wp-json\/wp\/v2\/pages\/3139\/revisions\/3243"}],"wp:attachment":[{"href":"https:\/\/samb-baiona.net\/es\/wp-json\/wp\/v2\/media?parent=3139"}],"curies":[{"name":"wp","href":"https:\/\/api.w.org\/{rel}","templated":true}]}}