{"id":3133,"date":"2023-10-31T10:55:12","date_gmt":"2023-10-31T09:55:12","guid":{"rendered":"https:\/\/samb-baiona.net\/?page_id=3133"},"modified":"2025-05-01T19:31:03","modified_gmt":"2025-05-01T17:31:03","slug":"accueil","status":"publish","type":"page","link":"https:\/\/samb-baiona.net\/es\/","title":{"rendered":"Inicio"},"content":{"rendered":"\n<figure class=\"wp-block-gallery has-nested-images columns-default is-cropped wp-block-gallery-1 is-layout-flex wp-block-gallery-is-layout-flex\">\n<figure class=\"wp-block-image size-large\"><img loading=\"lazy\" decoding=\"async\" width=\"1024\" height=\"166\" data-id=\"2084\" src=\"https:\/\/samb-baiona.net\/wp-content\/uploads\/2023\/11\/Bandeau-accueil-2-1024x166.jpg\" alt=\"\" class=\"wp-image-2084\" srcset=\"https:\/\/samb-baiona.net\/wp-content\/uploads\/2023\/11\/Bandeau-accueil-2-1024x166.jpg 1024w, https:\/\/samb-baiona.net\/wp-content\/uploads\/2023\/11\/Bandeau-accueil-2-300x49.jpg 300w, https:\/\/samb-baiona.net\/wp-content\/uploads\/2023\/11\/Bandeau-accueil-2-768x125.jpg 768w, https:\/\/samb-baiona.net\/wp-content\/uploads\/2023\/11\/Bandeau-accueil-2-1536x250.jpg 1536w, https:\/\/samb-baiona.net\/wp-content\/uploads\/2023\/11\/Bandeau-accueil-2-2048x333.jpg 2048w\" sizes=\"auto, (max-width: 1024px) 100vw, 1024px\" \/><\/figure>\n<\/figure>\n\n\n\n<div class=\"wp-block-columns is-layout-flex wp-container-core-columns-is-layout-f1061711 wp-block-columns-is-layout-flex\" style=\"padding-right:var(--wp--preset--spacing--20);padding-left:var(--wp--preset--spacing--20)\">\n<div class=\"wp-block-column is-layout-flow wp-block-column-is-layout-flow\" style=\"flex-basis:100%\">\n<p class=\"has-text-align-center has-text-color has-link-color wp-elements-d3d2897a21e02add9855b343828a4bab\" style=\"color:#7c3434;font-size:32px;letter-spacing:2px;line-height:1.3\"> LA SOCIEDAD DE LOS AMIGOS DEL MUSEO VASCO<\/p>\n\n\n\n<div class=\"wp-block-columns is-layout-flex wp-container-core-columns-is-layout-d74743eb wp-block-columns-is-layout-flex\" style=\"padding-right:0;padding-left:0\">\n<div class=\"wp-block-column is-layout-constrained wp-block-column-is-layout-constrained\">\n<p style=\"line-height:1.4\">\u00a1 1924\u00a0: el Museo Vasco y de las Tradiciones de Bayona abre sus puertas\u00a0!<br>En esta fecha se imprime el primer Bolet\u00edn del Museo Vasco (o BMB : Bulletin du Mus\u00e9e Basque).<br>\u00a1 Hace ya cien a\u00f1os \u00a1<br>La Sociedad de los Amigos del Museo Vasco (o SAMB : Soci\u00e8t\u00e9 des Amis du Mus\u00e9e Basque) es <a href=\"https:\/\/samb-baiona.net\/es\/la-asociacion\/\" data-type=\"page\" data-id=\"3139\" target=\"_blank\" rel=\"noreferrer noopener\">una asociaci\u00f3n<\/a> acogida a la ley francesa de 1901.<br>La SAMB fue creada en 1956, con el objetivo de contribuir al prestigio del Museo Vasco y de la historia de Bayona.<br>Publica semestralmente <a href=\"https:\/\/samb-baiona.net\/es\/el-boletin-del-museo-vasco\/\" data-type=\"page\" data-id=\"3177\" target=\"_blank\" rel=\"noreferrer noopener\">el Bolet\u00edn del Museo Vasco<\/a> (BMB). Une revista abierta a la historia, la sociedad y generalmente a la cultura vasca. El conjunto de sus art\u00edculos est\u00e1 disponible en internet con un <a href=\"https:\/\/bdd.samb-baiona.net\/controleur.php?action=action_accederModuleDeRecherche\" target=\"_blank\" rel=\"noreferrer noopener\">buscador<\/a>.<br>La SAMB organiza diversos <a href=\"https:\/\/samb-baiona.net\/es\/proximas-actividades\/\" data-type=\"page\" data-id=\"3187\" target=\"_blank\" rel=\"noreferrer noopener\">actividades<\/a>: conferencias, visitas comentadas de las exposiciones del Museo Vasco, salidas culturales tem\u00e1ticas.<br>La SAMB participa en la vida del Museo, especialmente en el enriquecimiento de sus colecciones a trav\u00e9s del <a href=\"https:\/\/samb-baiona.net\/es\/el-mecenazgo\/\" data-type=\"page\" data-id=\"3212\" target=\"_blank\" rel=\"noreferrer noopener\">mecenazgo<\/a>.<br>\u2026 y sobre todo, la SAMB es rica de la diversidad de sus miembros (los Amigos del Museo) que act\u00faan juntos en un ambiente amable y acogedor.<\/p>\n\n\n\n<p style=\"line-height:1.4\"><\/p>\n\n\n\n<p><\/p>\n<\/div>\n\n\n\n<div class=\"wp-block-column is-layout-constrained wp-block-column-is-layout-constrained\">\n<p style=\"margin-top:0;margin-right:0;margin-bottom:0;margin-left:0\"><strong> Unas palabras de bienvenida<\/strong> (en franc\u00e9s)<\/p>\n\n\n\n<div style=\"padding:56.25% 0 0 0;position:relative;\"><iframe src=\"https:\/\/player.vimeo.com\/video\/914117062?h=1a642a02a4&#038;autoplay=0&#038;title=0&#038;byline=0\" style=\"position:absolute;top:0;left:0;width:100%;height:100%;\" frameborder=\"0\" allow=\"autoplay; fullscreen; picture-in-picture\" allowfullscreen><\/iframe><\/div><script src=\"https:\/\/player.vimeo.com\/api\/player.js\"><\/script>\n<\/div>\n<\/div>\n<\/div>\n<\/div>\n\n\n\n<p class=\"has-text-align-center has-text-color has-link-color wp-elements-ddca40cf861a1435ab751c4eb6f2cdcf\" style=\"color:#973c3c;margin-top:0;margin-bottom:0;padding-top:0;padding-right:0;padding-bottom:0;padding-left:0;font-size:18px\"><br><a href=\"https:\/\/samb-baiona.net\/Evenements\/\" target=\"_blank\" rel=\"noreferrer noopener\">Todas nuestras actividades<br><\/a><a href=\"https:\/\/samb-baiona.net\/es\/proximas-actividades\/\" data-type=\"page\" data-id=\"3187\" target=\"_blank\" rel=\"noreferrer noopener\">Pr\u00f3ximas  actividades<\/a><\/p>\n\n\n\n<p><\/p>\n\n\n\n<p class=\"has-text-align-center has-text-color has-link-color wp-elements-bdad5f1ec66764f8888b0f8002b94936\" style=\"color:#973c3c;margin-top:0;margin-bottom:0;padding-top:0;padding-right:0;padding-bottom:0;padding-left:0;font-size:18px\"><\/p>\n","protected":false},"excerpt":{"rendered":"<p>LA SOCIEDAD DE LOS AMIGOS DEL MUSEO VASCO \u00a1 1924\u00a0: el Museo Vasco y de las Tradiciones de Bayona abre sus puertas\u00a0!En esta fecha se imprime el primer Bolet\u00edn del Museo Vasco (o BMB : Bulletin du Mus\u00e9e Basque).\u00a1 Hace ya cien a\u00f1os \u00a1La Sociedad de los Amigos del Museo Vasco (o SAMB : Soci\u00e8t\u00e9 &hellip;<\/p>\n<p class=\"read-more\"> <a class=\"\" href=\"https:\/\/samb-baiona.net\/es\/\"> <span class=\"screen-reader-text\">Inicio<\/span> Leer m\u00e1s &raquo;<\/a><\/p>\n","protected":false},"author":1,"featured_media":0,"parent":0,"menu_order":0,"comment_status":"closed","ping_status":"closed","template":"","meta":{"site-sidebar-layout":"default","site-content-layout":"default","ast-global-header-display":"","ast-main-header-display":"","ast-hfb-above-header-display":"","ast-hfb-below-header-display":"","ast-hfb-mobile-header-display":"","site-post-title":"disabled","ast-breadcrumbs-content":"","ast-featured-img":"","footer-sml-layout":"","theme-transparent-header-meta":"","adv-header-id-meta":"","stick-header-meta":"","header-above-stick-meta":"","header-main-stick-meta":"","header-below-stick-meta":"","footnotes":""},"class_list":["post-3133","page","type-page","status-publish","hentry"],"_links":{"self":[{"href":"https:\/\/samb-baiona.net\/es\/wp-json\/wp\/v2\/pages\/3133","targetHints":{"allow":["GET"]}}],"collection":[{"href":"https:\/\/samb-baiona.net\/es\/wp-json\/wp\/v2\/pages"}],"about":[{"href":"https:\/\/samb-baiona.net\/es\/wp-json\/wp\/v2\/types\/page"}],"author":[{"embeddable":true,"href":"https:\/\/samb-baiona.net\/es\/wp-json\/wp\/v2\/users\/1"}],"replies":[{"embeddable":true,"href":"https:\/\/samb-baiona.net\/es\/wp-json\/wp\/v2\/comments?post=3133"}],"version-history":[{"count":1,"href":"https:\/\/samb-baiona.net\/es\/wp-json\/wp\/v2\/pages\/3133\/revisions"}],"predecessor-version":[{"id":3237,"href":"https:\/\/samb-baiona.net\/es\/wp-json\/wp\/v2\/pages\/3133\/revisions\/3237"}],"wp:attachment":[{"href":"https:\/\/samb-baiona.net\/es\/wp-json\/wp\/v2\/media?parent=3133"}],"curies":[{"name":"wp","href":"https:\/\/api.w.org\/{rel}","templated":true}]}}