{"id":2692,"date":"2023-05-16T08:26:02","date_gmt":"2023-05-16T06:26:02","guid":{"rendered":"https:\/\/samb-baiona.net\/?page_id=2692"},"modified":"2024-07-25T20:32:33","modified_gmt":"2024-07-25T18:32:33","slug":"legal-notices","status":"publish","type":"page","link":"https:\/\/samb-baiona.net\/en\/legal-notices\/","title":{"rendered":"Legal notices"},"content":{"rendered":"\n<p style=\"line-height:1.4\"><em>Translation soon<\/em><br>Vous \u00eates actuellement connect\u00e9 (e) au site samb-baiona.net, site internet officiel de la Soci\u00e9t\u00e9 des Amis du Mus\u00e9e Basque et de l\u2019histoire de Bayonne.<br>La Soci\u00e9t\u00e9 des Amis du Mus\u00e9e Basque (SAMB) est une association reconnue d&#8217;utilit\u00e9 publique r\u00e9gie par la loi du 1er\u00a0juillet 1901 et le d\u00e9cret du 16 aout 1901, dont le si\u00e8ge social est situ\u00e9 au Ch\u00e2teau Neuf, place Paul Bert, 64100 BAYONNE.<br>Elle figure au \u00abRegistre National des Associations\u00bb (RNA) sous le num\u00e9ro W641001581.<br>Num\u00e9ro de TVA inter-communautaire : FR63387895063<br>SIREN : 387 895 063<\/p>\n\n\n\n<p style=\"line-height:1.4\">Directeur de la publication : Jean-Michel Bedecarrax, pr\u00e9sident de la SAMB<br>Webmaster&nbsp;: Olivier Cl\u00e9ment<br>Adresse de messagerie: contact@samb-baiona.net <br>Le site samb-baiona.net est h\u00e9berg\u00e9 chez OVH.<\/p>\n\n\n\n<p><\/p>\n\n\n\n<p style=\"line-height:1.4\">Protection des donn\u00e9es personnelles sur le site :<br>Aucune information personnelle n\u2019est c\u00e9d\u00e9e \u00e0 des tiers.<br>Les informations ne sont collect\u00e9es qu\u2019\u00e0 des fins de gestion de votre demande et de statistiques internes au site samb-baiona.net<br>Vous b\u00e9n\u00e9ficiez en vertu de la loi Informatique et libert\u00e9 n\u00b0 78-17 du 6 janvier 1978 et du R\u00e8glement g\u00e9n\u00e9ral de protection des donn\u00e9es du 25 mai 2018 d&#8217;un droit d&#8217;acc\u00e8s, de modification, de rectification et de suppression des informations vous concernant. Le droit d&#8217;acc\u00e8s peut s&#8217;exercer sur simple demande aupr\u00e8s de contact@samb-baiona.net<br>Propri\u00e9t\u00e9 intellectuelle :<br>Les reproductions d\u2019\u0153uvres publi\u00e9es sur ce site sont destin\u00e9es uniquement \u00e0 l\u2019illustration de nos conf\u00e9rences : leur but est exclusivement p\u00e9dagogique.<br>Au travers des cr\u00e9dits photographiques de chaque clich\u00e9, nous nous effor\u00e7ons de respecter les droits moraux et patrimoniaux des auteurs. Dans le cas o\u00f9 ces informations comporteraient erreurs ou omissions, nous nous engageons \u00e0 les corriger dans les plus brefs d\u00e9lais.<br>Cr\u00e9dits photographiques&nbsp;:<br>Clich\u00e9s Mus\u00e9e Basque et de l\u2019histoire de Bayonne et SAMB- G\u00e9rard Laulh\u00e9<br>Tous les \u00e9l\u00e9ments du site samb-baiona.net sont prot\u00e9g\u00e9s par le Code de la Propri\u00e9t\u00e9 Intellectuelle. A ce titre, l\u2019usage en est autoris\u00e9 dans un cadre priv\u00e9 ou \u00e0 des fins p\u00e9dagogiques&nbsp;; toute autre reproduction, utilisation, adaptation, modification, traduction, commercialisation, partielles ou int\u00e9grales des \u00e9l\u00e9ments contenus dans ce site, sans l\u2019autorisation \u00e9crite pr\u00e9alable de l\u2019association, est interdite.<br>Liens hypertextes :<br>La cr\u00e9ation de liens hypertextes vers le site samb-baiona.net est soumise \u00e0 l&#8217;accord pr\u00e9alable du Directeur de la Publication.<br>Le site samb-baiona.net peut contenir des liens hypertextes permettant l\u2019acc\u00e8s \u00e0 des sites qui ne sont pas \u00e9dit\u00e9s par le responsable de ce site. En cons\u00e9quence le directeur de publication ne saurait \u00eatre tenu pour responsable du contenu des sites auxquels l\u2019internaute aurait ainsi acc\u00e8s.<br>Conditions g\u00e9n\u00e9rales de vente&nbsp;:<br>Les conditions g\u00e9n\u00e9rales de vente et de garantie sont consultables sur demande \u00e0 l\u2019adresse contact@samb-baiona.net<\/p>\n\n\n\n<p><\/p>\n\n\n\n<p><\/p>\n","protected":false},"excerpt":{"rendered":"<p>Translation soonVous \u00eates actuellement connect\u00e9 (e) au site samb-baiona.net, site internet officiel de la Soci\u00e9t\u00e9 des Amis du Mus\u00e9e Basque et de l\u2019histoire de Bayonne.La Soci\u00e9t\u00e9 des Amis du Mus\u00e9e Basque (SAMB) est une association reconnue d&#8217;utilit\u00e9 publique r\u00e9gie par la loi du 1er\u00a0juillet 1901 et le d\u00e9cret du 16 aout 1901, dont le si\u00e8ge &hellip;<\/p>\n<p class=\"read-more\"> <a class=\"\" href=\"https:\/\/samb-baiona.net\/en\/legal-notices\/\"> <span class=\"screen-reader-text\">Legal notices<\/span> Read More &raquo;<\/a><\/p>\n","protected":false},"author":1,"featured_media":0,"parent":0,"menu_order":0,"comment_status":"closed","ping_status":"closed","template":"","meta":{"site-sidebar-layout":"default","site-content-layout":"default","ast-global-header-display":"","ast-main-header-display":"","ast-hfb-above-header-display":"","ast-hfb-below-header-display":"","ast-hfb-mobile-header-display":"","site-post-title":"","ast-breadcrumbs-content":"","ast-featured-img":"","footer-sml-layout":"","theme-transparent-header-meta":"","adv-header-id-meta":"","stick-header-meta":"","header-above-stick-meta":"","header-main-stick-meta":"","header-below-stick-meta":"","footnotes":""},"class_list":["post-2692","page","type-page","status-publish","hentry"],"_links":{"self":[{"href":"https:\/\/samb-baiona.net\/en\/wp-json\/wp\/v2\/pages\/2692","targetHints":{"allow":["GET"]}}],"collection":[{"href":"https:\/\/samb-baiona.net\/en\/wp-json\/wp\/v2\/pages"}],"about":[{"href":"https:\/\/samb-baiona.net\/en\/wp-json\/wp\/v2\/types\/page"}],"author":[{"embeddable":true,"href":"https:\/\/samb-baiona.net\/en\/wp-json\/wp\/v2\/users\/1"}],"replies":[{"embeddable":true,"href":"https:\/\/samb-baiona.net\/en\/wp-json\/wp\/v2\/comments?post=2692"}],"version-history":[{"count":1,"href":"https:\/\/samb-baiona.net\/en\/wp-json\/wp\/v2\/pages\/2692\/revisions"}],"predecessor-version":[{"id":2695,"href":"https:\/\/samb-baiona.net\/en\/wp-json\/wp\/v2\/pages\/2692\/revisions\/2695"}],"wp:attachment":[{"href":"https:\/\/samb-baiona.net\/en\/wp-json\/wp\/v2\/media?parent=2692"}],"curies":[{"name":"wp","href":"https:\/\/api.w.org\/{rel}","templated":true}]}}