{"id":2684,"date":"2023-10-20T20:03:12","date_gmt":"2023-10-20T18:03:12","guid":{"rendered":"https:\/\/samb-baiona.net\/?page_id=2684"},"modified":"2024-07-24T09:09:19","modified_gmt":"2024-07-24T07:09:19","slug":"join-us","status":"publish","type":"page","link":"https:\/\/samb-baiona.net\/en\/join-us\/","title":{"rendered":"Join us"},"content":{"rendered":"\n<p class=\"has-text-align-left has-ast-global-color-3-color has-text-color has-link-color wp-elements-67cecad9315bc28baf849d0991c630d4\" style=\"padding-top:var(--wp--preset--spacing--40);padding-right:0;padding-bottom:var(--wp--preset--spacing--40);padding-left:0;font-size:26px\">How to join the Soci\u00e9t\u00e9 des Amis du Mus\u00e9e Basque<\/p>\n\n\n\n<div class=\"wp-block-columns is-layout-flex wp-container-core-columns-is-layout-bd7ba32f wp-block-columns-is-layout-flex\" style=\"margin-top:0;margin-bottom:0;padding-top:0;padding-right:0;padding-bottom:0;padding-left:0\">\n<div class=\"wp-block-column is-layout-flow wp-block-column-is-layout-flow\">\n<p style=\"margin-top:0;margin-right:3px;margin-bottom:0;margin-left:3px;font-size:16px;line-height:1.4\">Because SAMB is recognized as a public utility, membership fee and donations give right to tax deductions but not the subscription to the BMB. The different formulas are detailed in the online form (in French) LIEN, which you can complete online or on paper.<br><strong>To join directly online<\/strong>, please <a href=\"https:\/\/societe-des-amis-du-musee-basque.assoconnect.com\/collect\/description\/360789-x-adhesion-2024-et-abonnement-au-bulletin-du-musee-basque-copie\/\" target=\"_blank\" rel=\"noreferrer noopener\">complete the form<\/a> and make a secure payment by credit card.<br><br><\/p>\n<\/div>\n\n\n\n<div class=\"wp-block-column is-layout-flow wp-block-column-is-layout-flow\">\n<div class=\"inherit-container-width wp-block-group is-layout-constrained wp-block-group-is-layout-constrained\">\n<p style=\"line-height:1.4\">If you prefer to use a <a href=\"https:\/\/samb-baiona.net\/download\/2240\/\" target=\"_blank\" rel=\"noreferrer noopener\">paper membership form<\/a>, click here to download the pdf file to print, fill out and send to us either by email or by post with payment by check (France only) or bank transfer.<br>Upon receipt of your payment we will send you by email your membership card and your tax receipt.<br>You will be informed of the life of the association by \u201cGogoan\u201d, the SAMB newsletter.<br>The SAMB membership card gives you free access to the Basque Museum all year round.<\/p>\n\n\n\n<p style=\"line-height:1.4\"><\/p>\n<\/div>\n<\/div>\n<\/div>\n\n\n\n<div class=\"wp-block-columns is-layout-flex wp-container-core-columns-is-layout-7bd3f5e9 wp-block-columns-is-layout-flex\" style=\"margin-top:0;margin-bottom:0;padding-top:var(--wp--preset--spacing--40);padding-bottom:var(--wp--preset--spacing--40)\">\n<div class=\"wp-block-column is-layout-flow wp-block-column-is-layout-flow\" style=\"flex-basis:25%\"><\/div>\n\n\n\n<div class=\"wp-block-column is-layout-flow wp-block-column-is-layout-flow\" style=\"flex-basis:60%\">\n<figure class=\"wp-block-image size-full\"><img loading=\"lazy\" decoding=\"async\" width=\"500\" height=\"363\" src=\"https:\/\/samb-baiona.net\/wp-content\/uploads\/2023\/11\/Jules-Jacques-Veyrassat-Femmes-basques-apres-le-bain_2.jpg\" alt=\"\" class=\"wp-image-1978\" srcset=\"https:\/\/samb-baiona.net\/wp-content\/uploads\/2023\/11\/Jules-Jacques-Veyrassat-Femmes-basques-apres-le-bain_2.jpg 500w, https:\/\/samb-baiona.net\/wp-content\/uploads\/2023\/11\/Jules-Jacques-Veyrassat-Femmes-basques-apres-le-bain_2-300x218.jpg 300w\" sizes=\"auto, (max-width: 500px) 100vw, 500px\" \/><figcaption class=\"wp-element-caption\"><em>Jules-Jacques Veyrassat. Femmes basques apr\u00e8s le bain<\/em><br><em>Collections of the Basque Museum<\/em><\/figcaption><\/figure>\n<\/div>\n\n\n\n<div class=\"wp-block-column is-layout-flow wp-block-column-is-layout-flow\" style=\"flex-basis:25%\"><\/div>\n<\/div>\n\n\n\n<p class=\"has-text-color has-link-color wp-elements-67a38b1031a7cc14772d7076601d250c\" style=\"color:#2f2d55;margin-top:0;margin-right:0;margin-bottom:0;margin-left:0;line-height:1.4\"><em>Aims of the Association<\/em><br>Increase the influence of the Basque Museum and History of Bayonne<br>Publish the Bulletin of the Basque Museum, a research and cultural dissemination tool<br>Organize meetings and field discoveries while seeking\u00a0 historical and ethnological perspectives<br>Develop patronage and philanthropy\u00a0 for the Basque Museum and History of Bayonne<br>Create congenial ties among our members<\/p>\n\n\n\n<p class=\"has-text-color has-link-color wp-elements-4b234d0f1ed4a08b8d8141b81b058832\" style=\"color:#2f2d55;margin-top:0;margin-right:0;margin-bottom:0;margin-left:0;line-height:1.4\"><\/p>\n\n\n\n<p class=\"has-text-color has-link-color wp-elements-c06e19d83ba3b153af0dc057cb290e1c\" style=\"color:#403b5a;margin-top:var(--wp--preset--spacing--30);margin-right:0;margin-bottom:var(--wp--preset--spacing--30);margin-left:0;line-height:1.4\"><em>To contact us<\/em><br>By email to contact@samb-baiona.net or click here<br>By post to: SAMB Ch\u00e2teau Neuf, Place Paul Bert, 64100 Bayonne. France.<\/p>\n\n\n\n<p class=\"has-text-color has-link-color wp-elements-1085c538ab2ddb77f81423405678b15d\" style=\"color:#403b5a;margin-top:var(--wp--preset--spacing--30);margin-right:0;margin-bottom:var(--wp--preset--spacing--30);margin-left:0;line-height:1.4\"><\/p>\n\n\n\n<p><\/p>\n\n\n\n<p><\/p>\n","protected":false},"excerpt":{"rendered":"<p>How to join the Soci\u00e9t\u00e9 des Amis du Mus\u00e9e Basque Because SAMB is recognized as a public utility, membership fee and donations give right to tax deductions but not the subscription to the BMB. The different formulas are detailed in the online form (in French) LIEN, which you can complete online or on paper.To join &hellip;<\/p>\n<p class=\"read-more\"> <a class=\"\" href=\"https:\/\/samb-baiona.net\/en\/join-us\/\"> <span class=\"screen-reader-text\">Join us<\/span> Read More &raquo;<\/a><\/p>\n","protected":false},"author":1,"featured_media":0,"parent":0,"menu_order":0,"comment_status":"closed","ping_status":"closed","template":"","meta":{"site-sidebar-layout":"default","site-content-layout":"default","ast-global-header-display":"","ast-main-header-display":"","ast-hfb-above-header-display":"","ast-hfb-below-header-display":"","ast-hfb-mobile-header-display":"","site-post-title":"disabled","ast-breadcrumbs-content":"","ast-featured-img":"","footer-sml-layout":"","theme-transparent-header-meta":"","adv-header-id-meta":"","stick-header-meta":"","header-above-stick-meta":"","header-main-stick-meta":"","header-below-stick-meta":"","footnotes":""},"class_list":["post-2684","page","type-page","status-publish","hentry"],"_links":{"self":[{"href":"https:\/\/samb-baiona.net\/en\/wp-json\/wp\/v2\/pages\/2684","targetHints":{"allow":["GET"]}}],"collection":[{"href":"https:\/\/samb-baiona.net\/en\/wp-json\/wp\/v2\/pages"}],"about":[{"href":"https:\/\/samb-baiona.net\/en\/wp-json\/wp\/v2\/types\/page"}],"author":[{"embeddable":true,"href":"https:\/\/samb-baiona.net\/en\/wp-json\/wp\/v2\/users\/1"}],"replies":[{"embeddable":true,"href":"https:\/\/samb-baiona.net\/en\/wp-json\/wp\/v2\/comments?post=2684"}],"version-history":[{"count":1,"href":"https:\/\/samb-baiona.net\/en\/wp-json\/wp\/v2\/pages\/2684\/revisions"}],"predecessor-version":[{"id":2690,"href":"https:\/\/samb-baiona.net\/en\/wp-json\/wp\/v2\/pages\/2684\/revisions\/2690"}],"wp:attachment":[{"href":"https:\/\/samb-baiona.net\/en\/wp-json\/wp\/v2\/media?parent=2684"}],"curies":[{"name":"wp","href":"https:\/\/api.w.org\/{rel}","templated":true}]}}