{"id":2631,"date":"2023-11-07T10:31:04","date_gmt":"2023-11-07T09:31:04","guid":{"rendered":"https:\/\/samb-baiona.net\/?page_id=2631"},"modified":"2024-07-26T09:33:53","modified_gmt":"2024-07-26T07:33:53","slug":"past-events","status":"publish","type":"page","link":"https:\/\/samb-baiona.net\/en\/past-events\/","title":{"rendered":"Past events"},"content":{"rendered":"\n<p class=\"has-text-align-center\" style=\"margin-top:var(--wp--preset--spacing--60);margin-bottom:var(--wp--preset--spacing--60)\">Click on the images to learn more<\/p>\n\n\n\n<p style=\"margin-top:0;margin-bottom:0\">\t\t\t<div class=\"past_event_listings\">\r\n\t\t\t\t<div class=\"wpem-main wpem-event-listings-header\">\r\n    <div class=\"wpem-row\">\r\n        <div class=\"wpem-col wpem-col-12 wpem-col-sm-6 wpem-col-md-6 wpem-col-lg-8\">\r\n            <div class=\"wpem-event-listing-header-title\">\r\n                                    <h2 class=\"wpem-heading-text\">Past Events<\/h2>\r\n                            <\/div>\r\n        <\/div>\r\n        <div class=\"wpem-col wpem-col-12 wpem-col-sm-6 wpem-col-md-6 wpem-col-lg-4\">\r\n            <div class=\"wpem-event-layout-action-wrapper\">\r\n                <div class=\"wpem-event-layout-action\">\r\n                                                                    <div class=\"wpem-event-layout-icon wpem-event-box-layout\" title=\"Events Box View\" id=\"wpem-event-box-layout\"><i class=\"wpem-icon-stop2\"><\/i><\/div>\r\n                        <div class=\"wpem-event-layout-icon wpem-event-list-layout wpem-active-layout\" title=\"Events List View\" id=\"wpem-event-list-layout\"><i class=\"wpem-icon-menu\"><\/i><\/div>\r\n                                                            <\/div>\r\n            <\/div>\r\n        <\/div>\r\n    <\/div>\r\n<\/div>\r\n\r\n<!-- Event listing view -->\r\n\r\n<div class=\"event_listings_main\">\r\n    <div id=\"event-listing-view\" class=\"wpem-main wpem-event-listings event_listings wpem-event-listing-list-view\" data-id=\"all\">\r\n<div class=\"wpem-event-box-col wpem-col wpem-col-12 wpem-col-md-6 wpem-col-lg-4 \">\r\n    <!----- wpem-col-lg-4 value can be change by admin settings ------->\r\n    <div class=\"wpem-event-layout-wrapper\">\r\n        <div class=\"event_listing post-2654 type-event_listing status-expired has-post-thumbnail hentry event_listing_category-conference-du-jeudi\">\r\n            <a href=\"https:\/\/samb-baiona.net\/en\/event\/le-pays-basque-1950-vu-par-orson-welles\/\" class=\"wpem-event-action-url event-style-color \">\r\n                <div class=\"wpem-event-banner\">\r\n                    <div class=\"wpem-event-banner-img\" style=\"background-image: url(https:\/\/samb-baiona.net\/wp-content\/uploads\/2024\/05\/Presse-papiers-2.jpg ) \">\r\n                        <!-- Hide in list View \/\/ Show in Box View -->\r\n                                                <div class=\"wpem-event-date\">\r\n                            <div class=\"wpem-event-date-type\">\r\n                                <div class=\"wpem-from-date\">\r\n                                    <div class=\"wpem-date\">14<\/div>\r\n                                    <div class=\"wpem-month\">Nov<\/div>\r\n                                <\/div>\r\n                            <\/div>\r\n                        <\/div>\r\n                        <!-- Hide in list View \/\/ Show in Box View -->\r\n                    <\/div>\r\n                <\/div>\r\n\r\n                <div class=\"wpem-event-infomation\">\r\n                    <div class=\"wpem-event-date\">\r\n                        <div class=\"wpem-event-date-type\">\r\n                            <div class=\"wpem-from-date\">\r\n                                <div class=\"wpem-date\">14<\/div>\r\n                                <div class=\"wpem-month\">Nov<\/div>\r\n                            <\/div>\r\n                            <div class=\"wpem-to-date\">\r\n                                <div class=\"wpem-date-separator\">-<\/div>\r\n                                <div class=\"wpem-date\">16<\/div>\r\n                                <div class=\"wpem-month\">Apr<\/div>\r\n                            <\/div>\r\n                        <\/div>\r\n                    <\/div>\r\n\r\n                    <div class=\"wpem-event-details\">\r\n                        <div class=\"wpem-event-title\">\r\n                            <h3 class=\"wpem-heading-text\">Le Pays Basque 1950 vu par Orson Welles<\/h3>\r\n                        <\/div>\r\n                        <div class=\"wpem-event-date-time\">\r\n                            <span class=\"wpem-event-date-time-text\">14-11-2024 18:00 -  <\/span>\r\n                        <\/div>\r\n                        <div class=\"wpem-event-location\">\r\n                            <span class=\"wpem-event-location-text\">\r\n                                Xokoa room inside the Basque Museum                            <\/span>\r\n                        <\/div>\r\n\r\n                        \r\n                        <!-- Show in list View \/\/ Hide in Box View -->\r\n                                                <!-- Show in list View \/\/ Hide in Box View -->\r\n                    <\/div>\r\n                <\/div>\r\n            <\/a>\r\n        <\/div>\r\n    <\/div>\r\n<\/div>\r\n<div class=\"wpem-event-box-col wpem-col wpem-col-12 wpem-col-md-6 wpem-col-lg-4 \">\r\n    <!----- wpem-col-lg-4 value can be change by admin settings ------->\r\n    <div class=\"wpem-event-layout-wrapper\">\r\n        <div class=\"event_listing post-2645 type-event_listing status-expired has-post-thumbnail hentry event_listing_category-conference-du-jeudi\">\r\n            <a href=\"https:\/\/samb-baiona.net\/en\/event\/philippe-veyrin-artiste-et-cofondateur-du-musee-basque\/\" class=\"wpem-event-action-url event-style-color \">\r\n                <div class=\"wpem-event-banner\">\r\n                    <div class=\"wpem-event-banner-img\" style=\"background-image: url(https:\/\/samb-baiona.net\/wp-content\/uploads\/2024\/05\/Veyrin.jpg ) \">\r\n                        <!-- Hide in list View \/\/ Show in Box View -->\r\n                                                <div class=\"wpem-event-date\">\r\n                            <div class=\"wpem-event-date-type\">\r\n                                <div class=\"wpem-from-date\">\r\n                                    <div class=\"wpem-date\">12<\/div>\r\n                                    <div class=\"wpem-month\">Sep<\/div>\r\n                                <\/div>\r\n                            <\/div>\r\n                        <\/div>\r\n                        <!-- Hide in list View \/\/ Show in Box View -->\r\n                    <\/div>\r\n                <\/div>\r\n\r\n                <div class=\"wpem-event-infomation\">\r\n                    <div class=\"wpem-event-date\">\r\n                        <div class=\"wpem-event-date-type\">\r\n                            <div class=\"wpem-from-date\">\r\n                                <div class=\"wpem-date\">12<\/div>\r\n                                <div class=\"wpem-month\">Sep<\/div>\r\n                            <\/div>\r\n                            <div class=\"wpem-to-date\">\r\n                                <div class=\"wpem-date-separator\">-<\/div>\r\n                                <div class=\"wpem-date\">16<\/div>\r\n                                <div class=\"wpem-month\">Apr<\/div>\r\n                            <\/div>\r\n                        <\/div>\r\n                    <\/div>\r\n\r\n                    <div class=\"wpem-event-details\">\r\n                        <div class=\"wpem-event-title\">\r\n                            <h3 class=\"wpem-heading-text\">Philippe Veyrin, artiste et cofondateur du Mus\u00e9e Basque<\/h3>\r\n                        <\/div>\r\n                        <div class=\"wpem-event-date-time\">\r\n                            <span class=\"wpem-event-date-time-text\">12-09-2024 18:00 -  <\/span>\r\n                        <\/div>\r\n                        <div class=\"wpem-event-location\">\r\n                            <span class=\"wpem-event-location-text\">\r\n                                Xokoa room inside Basque Museum                            <\/span>\r\n                        <\/div>\r\n\r\n                        \r\n                        <!-- Show in list View \/\/ Hide in Box View -->\r\n                                                <!-- Show in list View \/\/ Hide in Box View -->\r\n                    <\/div>\r\n                <\/div>\r\n            <\/a>\r\n        <\/div>\r\n    <\/div>\r\n<\/div>\r\n<div class=\"wpem-event-box-col wpem-col wpem-col-12 wpem-col-md-6 wpem-col-lg-4 \">\r\n    <!----- wpem-col-lg-4 value can be change by admin settings ------->\r\n    <div class=\"wpem-event-layout-wrapper\">\r\n        <div class=\"event_listing post-2651 type-event_listing status-expired has-post-thumbnail hentry\">\r\n            <a href=\"https:\/\/samb-baiona.net\/en\/event\/le-role-fondateur-de-la-societe-des-sciences-lettres-et-arts-de-bayonne-dans-la-creation-du-musee-basque-et-de-la-tradition-bayonnaise\/\" class=\"wpem-event-action-url event-style-color \">\r\n                <div class=\"wpem-event-banner\">\r\n                    <div class=\"wpem-event-banner-img\" style=\"background-image: url(https:\/\/samb-baiona.net\/wp-content\/uploads\/2024\/05\/Salle_conferences_Musee_Basque_1929-scaled.jpg ) \">\r\n                        <!-- Hide in list View \/\/ Show in Box View -->\r\n                                                <div class=\"wpem-event-date\">\r\n                            <div class=\"wpem-event-date-type\">\r\n                                <div class=\"wpem-from-date\">\r\n                                    <div class=\"wpem-date\">12<\/div>\r\n                                    <div class=\"wpem-month\">Sep<\/div>\r\n                                <\/div>\r\n                            <\/div>\r\n                        <\/div>\r\n                        <!-- Hide in list View \/\/ Show in Box View -->\r\n                    <\/div>\r\n                <\/div>\r\n\r\n                <div class=\"wpem-event-infomation\">\r\n                    <div class=\"wpem-event-date\">\r\n                        <div class=\"wpem-event-date-type\">\r\n                            <div class=\"wpem-from-date\">\r\n                                <div class=\"wpem-date\">12<\/div>\r\n                                <div class=\"wpem-month\">Sep<\/div>\r\n                            <\/div>\r\n                            <div class=\"wpem-to-date\">\r\n                                <div class=\"wpem-date-separator\">-<\/div>\r\n                                <div class=\"wpem-date\">16<\/div>\r\n                                <div class=\"wpem-month\">Apr<\/div>\r\n                            <\/div>\r\n                        <\/div>\r\n                    <\/div>\r\n\r\n                    <div class=\"wpem-event-details\">\r\n                        <div class=\"wpem-event-title\">\r\n                            <h3 class=\"wpem-heading-text\">Le r\u00f4le fondateur de la Soci\u00e9t\u00e9 des Sciences, Lettres et Arts de Bayonne dans la cr\u00e9ation du Mus\u00e9e Basque et de la Tradition bayonnaise<\/h3>\r\n                        <\/div>\r\n                        <div class=\"wpem-event-date-time\">\r\n                            <span class=\"wpem-event-date-time-text\">12-09-2024 18:00 -  <\/span>\r\n                        <\/div>\r\n                        <div class=\"wpem-event-location\">\r\n                            <span class=\"wpem-event-location-text\">\r\n                                Xokoa room inside the Basque Museum                            <\/span>\r\n                        <\/div>\r\n\r\n                        \r\n                        <!-- Show in list View \/\/ Hide in Box View -->\r\n                                                <!-- Show in list View \/\/ Hide in Box View -->\r\n                    <\/div>\r\n                <\/div>\r\n            <\/a>\r\n        <\/div>\r\n    <\/div>\r\n<\/div>\r\n<div class=\"wpem-event-box-col wpem-col wpem-col-12 wpem-col-md-6 wpem-col-lg-4 \">\r\n    <!----- wpem-col-lg-4 value can be change by admin settings ------->\r\n    <div class=\"wpem-event-layout-wrapper\">\r\n        <div class=\"event_listing post-2664 type-event_listing status-expired has-post-thumbnail hentry event_listing_category-presentation-du-bulletin\">\r\n            <a href=\"https:\/\/samb-baiona.net\/en\/event\/soiree-de-presentation-du-bulletin-n-201\/\" class=\"wpem-event-action-url event-style-color \">\r\n                <div class=\"wpem-event-banner\">\r\n                    <div class=\"wpem-event-banner-img\" style=\"background-image: url(https:\/\/samb-baiona.net\/wp-content\/uploads\/2024\/06\/Bulletin_BMB_201.jpg ) \">\r\n                        <!-- Hide in list View \/\/ Show in Box View -->\r\n                                                <div class=\"wpem-event-date\">\r\n                            <div class=\"wpem-event-date-type\">\r\n                                <div class=\"wpem-from-date\">\r\n                                    <div class=\"wpem-date\">27<\/div>\r\n                                    <div class=\"wpem-month\">Jun<\/div>\r\n                                <\/div>\r\n                            <\/div>\r\n                        <\/div>\r\n                        <!-- Hide in list View \/\/ Show in Box View -->\r\n                    <\/div>\r\n                <\/div>\r\n\r\n                <div class=\"wpem-event-infomation\">\r\n                    <div class=\"wpem-event-date\">\r\n                        <div class=\"wpem-event-date-type\">\r\n                            <div class=\"wpem-from-date\">\r\n                                <div class=\"wpem-date\">27<\/div>\r\n                                <div class=\"wpem-month\">Jun<\/div>\r\n                            <\/div>\r\n                            <div class=\"wpem-to-date\">\r\n                                <div class=\"wpem-date-separator\">-<\/div>\r\n                                <div class=\"wpem-date\">16<\/div>\r\n                                <div class=\"wpem-month\">Apr<\/div>\r\n                            <\/div>\r\n                        <\/div>\r\n                    <\/div>\r\n\r\n                    <div class=\"wpem-event-details\">\r\n                        <div class=\"wpem-event-title\">\r\n                            <h3 class=\"wpem-heading-text\">Soir\u00e9e de pr\u00e9sentation du Bulletin n\u00b0 201<\/h3>\r\n                        <\/div>\r\n                        <div class=\"wpem-event-date-time\">\r\n                            <span class=\"wpem-event-date-time-text\">27-06-2024 18:00 -  <\/span>\r\n                        <\/div>\r\n                        <div class=\"wpem-event-location\">\r\n                            <span class=\"wpem-event-location-text\">\r\n                                -                            <\/span>\r\n                        <\/div>\r\n\r\n                        \r\n                        <!-- Show in list View \/\/ Hide in Box View -->\r\n                                                <!-- Show in list View \/\/ Hide in Box View -->\r\n                    <\/div>\r\n                <\/div>\r\n            <\/a>\r\n        <\/div>\r\n    <\/div>\r\n<\/div><\/div>\r\n<\/div>\r\n\t\t\t<\/div>\r\n\t\t<\/p>\n\n\n\n<p class=\"has-text-align-center has-vivid-red-color has-cyan-bluish-gray-background-color has-text-color has-background has-link-color wp-elements-952a5dc62ac6878a5416e8a1fd3dfa30\" style=\"margin-top:var(--wp--preset--spacing--60);margin-right:0;margin-bottom:var(--wp--preset--spacing--60);margin-left:0;padding-top:var(--wp--preset--spacing--40);padding-bottom:var(--wp--preset--spacing--40);font-size:18px\"><a href=\"https:\/\/samb-baiona.net\/en\/events\/\" target=\"_blank\" rel=\"noreferrer noopener\">Search and find a past or upcoming event<\/a><\/p>\n","protected":false},"excerpt":{"rendered":"<p>Click on the images to learn more Search and find a past or upcoming event<\/p>\n","protected":false},"author":1,"featured_media":0,"parent":0,"menu_order":0,"comment_status":"closed","ping_status":"closed","template":"","meta":{"site-sidebar-layout":"default","site-content-layout":"default","ast-global-header-display":"","ast-main-header-display":"","ast-hfb-above-header-display":"","ast-hfb-below-header-display":"","ast-hfb-mobile-header-display":"","site-post-title":"disabled","ast-breadcrumbs-content":"","ast-featured-img":"","footer-sml-layout":"","theme-transparent-header-meta":"","adv-header-id-meta":"","stick-header-meta":"","header-above-stick-meta":"","header-main-stick-meta":"","header-below-stick-meta":"","footnotes":""},"class_list":["post-2631","page","type-page","status-publish","hentry"],"_links":{"self":[{"href":"https:\/\/samb-baiona.net\/en\/wp-json\/wp\/v2\/pages\/2631","targetHints":{"allow":["GET"]}}],"collection":[{"href":"https:\/\/samb-baiona.net\/en\/wp-json\/wp\/v2\/pages"}],"about":[{"href":"https:\/\/samb-baiona.net\/en\/wp-json\/wp\/v2\/types\/page"}],"author":[{"embeddable":true,"href":"https:\/\/samb-baiona.net\/en\/wp-json\/wp\/v2\/users\/1"}],"replies":[{"embeddable":true,"href":"https:\/\/samb-baiona.net\/en\/wp-json\/wp\/v2\/comments?post=2631"}],"version-history":[{"count":1,"href":"https:\/\/samb-baiona.net\/en\/wp-json\/wp\/v2\/pages\/2631\/revisions"}],"predecessor-version":[{"id":2734,"href":"https:\/\/samb-baiona.net\/en\/wp-json\/wp\/v2\/pages\/2631\/revisions\/2734"}],"wp:attachment":[{"href":"https:\/\/samb-baiona.net\/en\/wp-json\/wp\/v2\/media?parent=2631"}],"curies":[{"name":"wp","href":"https:\/\/api.w.org\/{rel}","templated":true}]}}